{"id":10354,"date":"2025-10-15T10:53:36","date_gmt":"2025-10-15T09:53:36","guid":{"rendered":"https:\/\/www.fs-umi.ac.ma\/?page_id=10354"},"modified":"2025-10-15T11:06:55","modified_gmt":"2025-10-15T10:06:55","slug":"cahiers-des-normes-pedagogiques-nationales","status":"publish","type":"page","link":"https:\/\/www.fs-umi.ac.ma\/index.php\/cahiers-des-normes-pedagogiques-nationales\/","title":{"rendered":"Cahiers des Normes P\u00e9dagogiques Nationales"},"content":{"rendered":"\t\t<div data-elementor-type=\"wp-page\" data-elementor-id=\"10354\" class=\"elementor elementor-10354\">\n\t\t\t\t\t\t<header class=\"elementor-section elementor-top-section elementor-element elementor-element-4f0c3d3 elementor-section-full_width elementor-section-height-min-height elementor-section-items-bottom elementor-section-height-default elementor-invisible\" data-id=\"4f0c3d3\" data-element_type=\"section\" data-e-type=\"section\" data-settings=\"{&quot;background_background&quot;:&quot;classic&quot;,&quot;animation&quot;:&quot;fadeIn&quot;,&quot;animation_delay&quot;:50}\">\n\t\t\t\t\t\t\t<div class=\"elementor-background-overlay\"><\/div>\n\t\t\t\t\t\t\t<div class=\"elementor-container elementor-column-gap-no\">\n\t\t\t\t\t<div class=\"elementor-column elementor-col-100 elementor-top-column elementor-element elementor-element-6f0b841\" data-id=\"6f0b841\" data-element_type=\"column\" data-e-type=\"column\">\n\t\t\t<div class=\"elementor-widget-wrap elementor-element-populated\">\n\t\t\t\t\t\t<section class=\"elementor-section elementor-inner-section elementor-element elementor-element-c3b3e1c elementor-section-content-bottom elementor-section-boxed elementor-section-height-default elementor-section-height-default\" data-id=\"c3b3e1c\" data-element_type=\"section\" data-e-type=\"section\">\n\t\t\t\t\t\t<div class=\"elementor-container elementor-column-gap-default\">\n\t\t\t\t\t<div class=\"elementor-column elementor-col-100 elementor-inner-column elementor-element elementor-element-01712bf\" data-id=\"01712bf\" data-element_type=\"column\" data-e-type=\"column\">\n\t\t\t<div class=\"elementor-widget-wrap elementor-element-populated\">\n\t\t\t\t\t\t<div class=\"elementor-element elementor-element-df7962b animated-slow elementor-widget elementor-widget-heading\" data-id=\"df7962b\" data-element_type=\"widget\" data-e-type=\"widget\" data-settings=\"{&quot;_animation&quot;:&quot;none&quot;}\" data-widget_type=\"heading.default\">\n\t\t\t\t<div class=\"elementor-widget-container\">\n\t\t\t\t\t<h6 class=\"elementor-heading-title elementor-size-default\">Cahiers des Normes P\u00e9dagogiques Nationales\n<\/h6>\t\t\t\t<\/div>\n\t\t\t\t<\/div>\n\t\t\t\t\t<\/div>\n\t\t<\/div>\n\t\t\t\t\t<\/div>\n\t\t<\/section>\n\t\t\t\t\t<\/div>\n\t\t<\/div>\n\t\t\t\t\t<\/div>\n\t\t<\/header>\n\t\t\t\t<section class=\"elementor-section elementor-top-section elementor-element elementor-element-33e9fdd elementor-section-boxed elementor-section-height-default elementor-section-height-default elementor-invisible\" data-id=\"33e9fdd\" data-element_type=\"section\" data-e-type=\"section\" data-settings=\"{&quot;animation&quot;:&quot;fadeIn&quot;}\">\n\t\t\t\t\t\t<div class=\"elementor-container elementor-column-gap-default\">\n\t\t\t\t\t<div class=\"elementor-column elementor-col-100 elementor-top-column elementor-element elementor-element-a98ea08\" data-id=\"a98ea08\" data-element_type=\"column\" data-e-type=\"column\">\n\t\t\t<div class=\"elementor-widget-wrap elementor-element-populated\">\n\t\t\t\t\t\t<div class=\"elementor-element elementor-element-bc4fbc1 elementor-widget elementor-widget-text-editor\" data-id=\"bc4fbc1\" data-element_type=\"widget\" data-e-type=\"widget\" data-widget_type=\"text-editor.default\">\n\t\t\t\t<div class=\"elementor-widget-container\">\n\t\t\t\t\t\t\t\t\t<p data-start=\"0\" data-end=\"657\">\u00c0 l\u2019instar des autres universit\u00e9s marocaines, l\u2019Universit\u00e9 Moulay Ismail dispense ses enseignements conform\u00e9ment aux normes p\u00e9dagogiques nationales d\u00e9finies par le minist\u00e8re de tutelle. Ces normes encadrent de mani\u00e8re pr\u00e9cise l\u2019organisation des formations, les conditions d\u2019acc\u00e8s, les r\u00e9gimes d\u2019\u00e9tudes et d\u2019\u00e9valuation, ainsi que les modalit\u00e9s de validation des modules et des semestres. Elles permettent d\u2019assurer l\u2019harmonisation des parcours universitaires et de garantir une qualit\u00e9 d\u2019enseignement align\u00e9e sur les standards nationaux, contribuant ainsi \u00e0 la construction d\u2019un syst\u00e8me \u00e9ducatif coh\u00e9rent, efficace et comp\u00e9titif \u00e0 l\u2019\u00e9chelle internationale.<\/p>\n<p data-start=\"659\" data-end=\"708\" data-is-last-node=\"\" data-is-only-node=\"\">Les principales dispositions sont les suivantes :<\/p>\n\n<ul>\n \t<li style=\"list-style-type: none;\">\n<ul>\n \t<li data-start=\"659\" data-end=\"708\"><a href=\"https:\/\/www.fs-umi.ac.ma\/wp-content\/uploads\/2025\/10\/CNPN-cycle-Licence-VAr.pdf\"> CNPN Cycle Licence &#8211; VAr<\/a><\/li>\n<\/li>\n \t<li data-start=\"659\" data-end=\"708\"><a href=\"https:\/\/www.fs-umi.ac.ma\/wp-content\/uploads\/2025\/10\/CNPN-Cycle-Master-VAr.pdf\"> CNPN Cycle Master &#8211; VAr<\/a><\/li>\n<\/ul>\t\t\t\t\t\t\t\t<\/div>\n\t\t\t\t<\/div>\n\t\t\t\t\t<\/div>\n\t\t<\/div>\n\t\t\t\t\t<\/div>\n\t\t<\/section>\n\t\t\t\t<\/div>\n\t\t","protected":false},"excerpt":{"rendered":"<p>Cahiers des Normes P\u00e9dagogiques Nationales \u00c0 l\u2019instar des autres universit\u00e9s marocaines, l\u2019Universit\u00e9 Moulay Ismail dispense ses enseignements conform\u00e9ment aux normes p\u00e9dagogiques nationales d\u00e9finies par le minist\u00e8re de tutelle. Ces normes encadrent de mani\u00e8re pr\u00e9cise l\u2019organisation des formations, les conditions d\u2019acc\u00e8s, les r\u00e9gimes d\u2019\u00e9tudes et d\u2019\u00e9valuation, ainsi que les modalit\u00e9s de validation des modules et des&hellip;&nbsp;<\/p>\n","protected":false},"author":1,"featured_media":0,"parent":0,"menu_order":0,"comment_status":"closed","ping_status":"closed","template":"page-templates\/template-pagebuilder-full-width.php","meta":{"neve_meta_sidebar":"","neve_meta_container":"","neve_meta_enable_content_width":"","neve_meta_content_width":0,"neve_meta_title_alignment":"","neve_meta_author_avatar":"","neve_post_elements_order":"","neve_meta_disable_header":"","neve_meta_disable_footer":"","neve_meta_disable_title":"","footnotes":""},"class_list":["post-10354","page","type-page","status-publish","hentry"],"yoast_head":"<!-- This site is optimized with the Yoast SEO plugin v27.4 - https:\/\/yoast.com\/product\/yoast-seo-wordpress\/ -->\n<title>Cahiers des Normes P\u00e9dagogiques Nationales - Facult\u00e9 des sciences de Mekn\u00e8s<\/title>\n<meta name=\"robots\" content=\"index, follow, max-snippet:-1, max-image-preview:large, max-video-preview:-1\" \/>\n<link rel=\"canonical\" href=\"https:\/\/www.fs-umi.ac.ma\/index.php\/cahiers-des-normes-pedagogiques-nationales\/\" \/>\n<meta property=\"og:locale\" content=\"fr_FR\" \/>\n<meta property=\"og:type\" content=\"article\" \/>\n<meta property=\"og:title\" content=\"Cahiers des Normes P\u00e9dagogiques Nationales - Facult\u00e9 des sciences de Mekn\u00e8s\" \/>\n<meta property=\"og:description\" content=\"Cahiers des Normes P\u00e9dagogiques Nationales \u00c0 l\u2019instar des autres universit\u00e9s marocaines, l\u2019Universit\u00e9 Moulay Ismail dispense ses enseignements conform\u00e9ment aux normes p\u00e9dagogiques nationales d\u00e9finies par le minist\u00e8re de tutelle. Ces normes encadrent de mani\u00e8re pr\u00e9cise l\u2019organisation des formations, les conditions d\u2019acc\u00e8s, les r\u00e9gimes d\u2019\u00e9tudes et d\u2019\u00e9valuation, ainsi que les modalit\u00e9s de validation des modules et des&hellip;&nbsp;\" \/>\n<meta property=\"og:url\" content=\"https:\/\/www.fs-umi.ac.ma\/index.php\/cahiers-des-normes-pedagogiques-nationales\/\" \/>\n<meta property=\"og:site_name\" content=\"Facult\u00e9 des sciences de Mekn\u00e8s\" \/>\n<meta property=\"article:modified_time\" content=\"2025-10-15T10:06:55+00:00\" \/>\n<meta name=\"twitter:card\" content=\"summary_large_image\" \/>\n<meta name=\"twitter:label1\" content=\"Dur\u00e9e de lecture estim\u00e9e\" \/>\n\t<meta name=\"twitter:data1\" content=\"1 minute\" \/>\n<script type=\"application\/ld+json\" class=\"yoast-schema-graph\">{\"@context\":\"https:\\\/\\\/schema.org\",\"@graph\":[{\"@type\":\"WebPage\",\"@id\":\"https:\\\/\\\/www.fs-umi.ac.ma\\\/index.php\\\/cahiers-des-normes-pedagogiques-nationales\\\/\",\"url\":\"https:\\\/\\\/www.fs-umi.ac.ma\\\/index.php\\\/cahiers-des-normes-pedagogiques-nationales\\\/\",\"name\":\"Cahiers des Normes P\u00e9dagogiques Nationales - Facult\u00e9 des sciences de Mekn\u00e8s\",\"isPartOf\":{\"@id\":\"https:\\\/\\\/www.fs-umi.ac.ma\\\/#website\"},\"datePublished\":\"2025-10-15T09:53:36+00:00\",\"dateModified\":\"2025-10-15T10:06:55+00:00\",\"breadcrumb\":{\"@id\":\"https:\\\/\\\/www.fs-umi.ac.ma\\\/index.php\\\/cahiers-des-normes-pedagogiques-nationales\\\/#breadcrumb\"},\"inLanguage\":\"fr-FR\",\"potentialAction\":[{\"@type\":\"ReadAction\",\"target\":[\"https:\\\/\\\/www.fs-umi.ac.ma\\\/index.php\\\/cahiers-des-normes-pedagogiques-nationales\\\/\"]}]},{\"@type\":\"BreadcrumbList\",\"@id\":\"https:\\\/\\\/www.fs-umi.ac.ma\\\/index.php\\\/cahiers-des-normes-pedagogiques-nationales\\\/#breadcrumb\",\"itemListElement\":[{\"@type\":\"ListItem\",\"position\":1,\"name\":\"Accueil\",\"item\":\"https:\\\/\\\/www.fs-umi.ac.ma\\\/\"},{\"@type\":\"ListItem\",\"position\":2,\"name\":\"Cahiers des Normes P\u00e9dagogiques Nationales\"}]},{\"@type\":\"WebSite\",\"@id\":\"https:\\\/\\\/www.fs-umi.ac.ma\\\/#website\",\"url\":\"https:\\\/\\\/www.fs-umi.ac.ma\\\/\",\"name\":\"Facult\u00e9 des sciences de Mekn\u00e8s\",\"description\":\"Universit\u00e9 Moulay Ismail\",\"publisher\":{\"@id\":\"https:\\\/\\\/www.fs-umi.ac.ma\\\/#organization\"},\"potentialAction\":[{\"@type\":\"SearchAction\",\"target\":{\"@type\":\"EntryPoint\",\"urlTemplate\":\"https:\\\/\\\/www.fs-umi.ac.ma\\\/?s={search_term_string}\"},\"query-input\":{\"@type\":\"PropertyValueSpecification\",\"valueRequired\":true,\"valueName\":\"search_term_string\"}}],\"inLanguage\":\"fr-FR\"},{\"@type\":\"Organization\",\"@id\":\"https:\\\/\\\/www.fs-umi.ac.ma\\\/#organization\",\"name\":\"Facult\u00e9 des sciences de Mekn\u00e8s\",\"url\":\"https:\\\/\\\/www.fs-umi.ac.ma\\\/\",\"logo\":{\"@type\":\"ImageObject\",\"inLanguage\":\"fr-FR\",\"@id\":\"https:\\\/\\\/www.fs-umi.ac.ma\\\/#\\\/schema\\\/logo\\\/image\\\/\",\"url\":\"https:\\\/\\\/www.fs-umi.ac.ma\\\/wp-content\\\/uploads\\\/2020\\\/10\\\/logo-2.png\",\"contentUrl\":\"https:\\\/\\\/www.fs-umi.ac.ma\\\/wp-content\\\/uploads\\\/2020\\\/10\\\/logo-2.png\",\"width\":824,\"height\":307,\"caption\":\"Facult\u00e9 des sciences de Mekn\u00e8s\"},\"image\":{\"@id\":\"https:\\\/\\\/www.fs-umi.ac.ma\\\/#\\\/schema\\\/logo\\\/image\\\/\"}}]}<\/script>\n<!-- \/ Yoast SEO plugin. -->","yoast_head_json":{"title":"Cahiers des Normes P\u00e9dagogiques Nationales - Facult\u00e9 des sciences de Mekn\u00e8s","robots":{"index":"index","follow":"follow","max-snippet":"max-snippet:-1","max-image-preview":"max-image-preview:large","max-video-preview":"max-video-preview:-1"},"canonical":"https:\/\/www.fs-umi.ac.ma\/index.php\/cahiers-des-normes-pedagogiques-nationales\/","og_locale":"fr_FR","og_type":"article","og_title":"Cahiers des Normes P\u00e9dagogiques Nationales - Facult\u00e9 des sciences de Mekn\u00e8s","og_description":"Cahiers des Normes P\u00e9dagogiques Nationales \u00c0 l\u2019instar des autres universit\u00e9s marocaines, l\u2019Universit\u00e9 Moulay Ismail dispense ses enseignements conform\u00e9ment aux normes p\u00e9dagogiques nationales d\u00e9finies par le minist\u00e8re de tutelle. Ces normes encadrent de mani\u00e8re pr\u00e9cise l\u2019organisation des formations, les conditions d\u2019acc\u00e8s, les r\u00e9gimes d\u2019\u00e9tudes et d\u2019\u00e9valuation, ainsi que les modalit\u00e9s de validation des modules et des&hellip;&nbsp;","og_url":"https:\/\/www.fs-umi.ac.ma\/index.php\/cahiers-des-normes-pedagogiques-nationales\/","og_site_name":"Facult\u00e9 des sciences de Mekn\u00e8s","article_modified_time":"2025-10-15T10:06:55+00:00","twitter_card":"summary_large_image","twitter_misc":{"Dur\u00e9e de lecture estim\u00e9e":"1 minute"},"schema":{"@context":"https:\/\/schema.org","@graph":[{"@type":"WebPage","@id":"https:\/\/www.fs-umi.ac.ma\/index.php\/cahiers-des-normes-pedagogiques-nationales\/","url":"https:\/\/www.fs-umi.ac.ma\/index.php\/cahiers-des-normes-pedagogiques-nationales\/","name":"Cahiers des Normes P\u00e9dagogiques Nationales - Facult\u00e9 des sciences de Mekn\u00e8s","isPartOf":{"@id":"https:\/\/www.fs-umi.ac.ma\/#website"},"datePublished":"2025-10-15T09:53:36+00:00","dateModified":"2025-10-15T10:06:55+00:00","breadcrumb":{"@id":"https:\/\/www.fs-umi.ac.ma\/index.php\/cahiers-des-normes-pedagogiques-nationales\/#breadcrumb"},"inLanguage":"fr-FR","potentialAction":[{"@type":"ReadAction","target":["https:\/\/www.fs-umi.ac.ma\/index.php\/cahiers-des-normes-pedagogiques-nationales\/"]}]},{"@type":"BreadcrumbList","@id":"https:\/\/www.fs-umi.ac.ma\/index.php\/cahiers-des-normes-pedagogiques-nationales\/#breadcrumb","itemListElement":[{"@type":"ListItem","position":1,"name":"Accueil","item":"https:\/\/www.fs-umi.ac.ma\/"},{"@type":"ListItem","position":2,"name":"Cahiers des Normes P\u00e9dagogiques Nationales"}]},{"@type":"WebSite","@id":"https:\/\/www.fs-umi.ac.ma\/#website","url":"https:\/\/www.fs-umi.ac.ma\/","name":"Facult\u00e9 des sciences de Mekn\u00e8s","description":"Universit\u00e9 Moulay Ismail","publisher":{"@id":"https:\/\/www.fs-umi.ac.ma\/#organization"},"potentialAction":[{"@type":"SearchAction","target":{"@type":"EntryPoint","urlTemplate":"https:\/\/www.fs-umi.ac.ma\/?s={search_term_string}"},"query-input":{"@type":"PropertyValueSpecification","valueRequired":true,"valueName":"search_term_string"}}],"inLanguage":"fr-FR"},{"@type":"Organization","@id":"https:\/\/www.fs-umi.ac.ma\/#organization","name":"Facult\u00e9 des sciences de Mekn\u00e8s","url":"https:\/\/www.fs-umi.ac.ma\/","logo":{"@type":"ImageObject","inLanguage":"fr-FR","@id":"https:\/\/www.fs-umi.ac.ma\/#\/schema\/logo\/image\/","url":"https:\/\/www.fs-umi.ac.ma\/wp-content\/uploads\/2020\/10\/logo-2.png","contentUrl":"https:\/\/www.fs-umi.ac.ma\/wp-content\/uploads\/2020\/10\/logo-2.png","width":824,"height":307,"caption":"Facult\u00e9 des sciences de Mekn\u00e8s"},"image":{"@id":"https:\/\/www.fs-umi.ac.ma\/#\/schema\/logo\/image\/"}}]}},"rttpg_featured_image_url":null,"rttpg_author":{"display_name":"FSM","author_link":"https:\/\/www.fs-umi.ac.ma\/index.php\/author\/fsm\/"},"rttpg_comment":0,"rttpg_category":null,"rttpg_excerpt":"Cahiers des Normes P\u00e9dagogiques Nationales \u00c0 l\u2019instar des autres universit\u00e9s marocaines, l\u2019Universit\u00e9 Moulay Ismail dispense ses enseignements conform\u00e9ment aux normes p\u00e9dagogiques nationales d\u00e9finies par le minist\u00e8re de tutelle. Ces normes encadrent de mani\u00e8re pr\u00e9cise l\u2019organisation des formations, les conditions d\u2019acc\u00e8s, les r\u00e9gimes d\u2019\u00e9tudes et d\u2019\u00e9valuation, ainsi que les modalit\u00e9s de validation des modules et des&hellip;&nbsp;","_links":{"self":[{"href":"https:\/\/www.fs-umi.ac.ma\/index.php\/wp-json\/wp\/v2\/pages\/10354","targetHints":{"allow":["GET"]}}],"collection":[{"href":"https:\/\/www.fs-umi.ac.ma\/index.php\/wp-json\/wp\/v2\/pages"}],"about":[{"href":"https:\/\/www.fs-umi.ac.ma\/index.php\/wp-json\/wp\/v2\/types\/page"}],"author":[{"embeddable":true,"href":"https:\/\/www.fs-umi.ac.ma\/index.php\/wp-json\/wp\/v2\/users\/1"}],"replies":[{"embeddable":true,"href":"https:\/\/www.fs-umi.ac.ma\/index.php\/wp-json\/wp\/v2\/comments?post=10354"}],"version-history":[{"count":13,"href":"https:\/\/www.fs-umi.ac.ma\/index.php\/wp-json\/wp\/v2\/pages\/10354\/revisions"}],"predecessor-version":[{"id":10371,"href":"https:\/\/www.fs-umi.ac.ma\/index.php\/wp-json\/wp\/v2\/pages\/10354\/revisions\/10371"}],"wp:attachment":[{"href":"https:\/\/www.fs-umi.ac.ma\/index.php\/wp-json\/wp\/v2\/media?parent=10354"}],"curies":[{"name":"wp","href":"https:\/\/api.w.org\/{rel}","templated":true}]}}