{"id":10793,"date":"2025-10-28T12:14:04","date_gmt":"2025-10-28T11:14:04","guid":{"rendered":"https:\/\/www.fs-umi.ac.ma\/?page_id=10793"},"modified":"2025-11-27T11:33:34","modified_gmt":"2025-11-27T10:33:34","slug":"licence-temps-amenage","status":"publish","type":"page","link":"https:\/\/www.fs-umi.ac.ma\/index.php\/licence-temps-amenage\/","title":{"rendered":"Licence temps am\u00e9nag\u00e9"},"content":{"rendered":"\t\t<div data-elementor-type=\"wp-page\" data-elementor-id=\"10793\" class=\"elementor elementor-10793\">\n\t\t\t\t\t\t<header class=\"elementor-section elementor-top-section elementor-element elementor-element-1549e0c elementor-section-full_width elementor-section-height-min-height elementor-section-items-bottom elementor-section-height-default elementor-invisible\" data-id=\"1549e0c\" data-element_type=\"section\" data-e-type=\"section\" data-settings=\"{&quot;background_background&quot;:&quot;classic&quot;,&quot;animation&quot;:&quot;fadeIn&quot;,&quot;animation_delay&quot;:50}\">\n\t\t\t\t\t\t\t<div class=\"elementor-background-overlay\"><\/div>\n\t\t\t\t\t\t\t<div class=\"elementor-container elementor-column-gap-no\">\n\t\t\t\t\t<div class=\"elementor-column elementor-col-100 elementor-top-column elementor-element elementor-element-1ce9518\" data-id=\"1ce9518\" data-element_type=\"column\" data-e-type=\"column\">\n\t\t\t<div class=\"elementor-widget-wrap elementor-element-populated\">\n\t\t\t\t\t\t<section class=\"elementor-section elementor-inner-section elementor-element elementor-element-488d988 elementor-section-content-bottom elementor-section-boxed elementor-section-height-default elementor-section-height-default\" data-id=\"488d988\" data-element_type=\"section\" data-e-type=\"section\">\n\t\t\t\t\t\t<div class=\"elementor-container elementor-column-gap-default\">\n\t\t\t\t\t<div class=\"elementor-column elementor-col-100 elementor-inner-column elementor-element elementor-element-7544284\" data-id=\"7544284\" data-element_type=\"column\" data-e-type=\"column\">\n\t\t\t<div class=\"elementor-widget-wrap elementor-element-populated\">\n\t\t\t\t\t\t<div class=\"elementor-element elementor-element-9a28c08 animated-slow elementor-widget elementor-widget-heading\" data-id=\"9a28c08\" data-element_type=\"widget\" data-e-type=\"widget\" data-settings=\"{&quot;_animation&quot;:&quot;none&quot;}\" data-widget_type=\"heading.default\">\n\t\t\t\t<div class=\"elementor-widget-container\">\n\t\t\t\t\t<h6 class=\"elementor-heading-title elementor-size-default\">Licence temps am\u00e9nag\u00e9<\/h6>\t\t\t\t<\/div>\n\t\t\t\t<\/div>\n\t\t\t\t\t<\/div>\n\t\t<\/div>\n\t\t\t\t\t<\/div>\n\t\t<\/section>\n\t\t\t\t\t<\/div>\n\t\t<\/div>\n\t\t\t\t\t<\/div>\n\t\t<\/header>\n\t\t\t\t<section class=\"elementor-section elementor-top-section elementor-element elementor-element-1564a95 elementor-section-boxed elementor-section-height-default elementor-section-height-default\" data-id=\"1564a95\" data-element_type=\"section\" data-e-type=\"section\">\n\t\t\t\t\t\t<div class=\"elementor-container elementor-column-gap-default\">\n\t\t\t\t\t<div class=\"elementor-column elementor-col-100 elementor-top-column elementor-element elementor-element-9e64f35\" data-id=\"9e64f35\" data-element_type=\"column\" data-e-type=\"column\">\n\t\t\t<div class=\"elementor-widget-wrap elementor-element-populated\">\n\t\t\t\t\t\t<div class=\"elementor-element elementor-element-b3d29e7 elementor-widget elementor-widget-text-editor\" data-id=\"b3d29e7\" data-element_type=\"widget\" data-e-type=\"widget\" data-widget_type=\"text-editor.default\">\n\t\t\t\t<div class=\"elementor-widget-container\">\n\t\t\t\t\t\t\t\t\t\t\t\t\t\t\t\t\t<\/div>\n\t\t\t\t<\/div>\n\t\t\t\t\t<\/div>\n\t\t<\/div>\n\t\t\t\t\t<\/div>\n\t\t<\/section>\n\t\t\t\t<section class=\"elementor-section elementor-top-section elementor-element elementor-element-7e895cf elementor-section-boxed elementor-section-height-default elementor-section-height-default\" data-id=\"7e895cf\" data-element_type=\"section\" data-e-type=\"section\">\n\t\t\t\t\t\t<div class=\"elementor-container elementor-column-gap-default\">\n\t\t\t\t\t<div class=\"elementor-column elementor-col-100 elementor-top-column elementor-element elementor-element-4014071\" data-id=\"4014071\" data-element_type=\"column\" data-e-type=\"column\">\n\t\t\t<div class=\"elementor-widget-wrap elementor-element-populated\">\n\t\t\t\t\t\t<div class=\"elementor-element elementor-element-c889d5e animated-slow elementor-invisible elementor-widget elementor-widget-heading\" data-id=\"c889d5e\" data-element_type=\"widget\" data-e-type=\"widget\" data-settings=\"{&quot;_animation&quot;:&quot;fadeIn&quot;}\" data-widget_type=\"heading.default\">\n\t\t\t\t<div class=\"elementor-widget-container\">\n\t\t\t\t\t<h6 class=\"elementor-heading-title elementor-size-default\">Fili\u00e8res accr\u00e9dit\u00e9es<\/h6>\t\t\t\t<\/div>\n\t\t\t\t<\/div>\n\t\t\t\t<div class=\"elementor-element elementor-element-4681459 elementor-widget-divider--view-line elementor-invisible elementor-widget elementor-widget-divider\" data-id=\"4681459\" data-element_type=\"widget\" data-e-type=\"widget\" data-settings=\"{&quot;_animation&quot;:&quot;fadeInUp&quot;}\" data-widget_type=\"divider.default\">\n\t\t\t\t<div class=\"elementor-widget-container\">\n\t\t\t\t\t\t\t<div class=\"elementor-divider\">\n\t\t\t<span class=\"elementor-divider-separator\">\n\t\t\t\t\t\t<\/span>\n\t\t<\/div>\n\t\t\t\t\t\t<\/div>\n\t\t\t\t<\/div>\n\t\t\t\t\t<\/div>\n\t\t<\/div>\n\t\t\t\t\t<\/div>\n\t\t<\/section>\n\t\t\t\t<section class=\"elementor-section elementor-top-section elementor-element elementor-element-cb1a02e elementor-section-boxed elementor-section-height-default elementor-section-height-default\" data-id=\"cb1a02e\" data-element_type=\"section\" data-e-type=\"section\">\n\t\t\t\t\t\t<div class=\"elementor-container elementor-column-gap-default\">\n\t\t\t\t\t<div class=\"elementor-column elementor-col-100 elementor-top-column elementor-element elementor-element-d03135c\" data-id=\"d03135c\" data-element_type=\"column\" data-e-type=\"column\">\n\t\t\t<div class=\"elementor-widget-wrap elementor-element-populated\">\n\t\t\t\t\t\t<div class=\"elementor-element elementor-element-d1d5499 elementor-invisible elementor-widget elementor-widget-heading\" data-id=\"d1d5499\" data-element_type=\"widget\" data-e-type=\"widget\" data-settings=\"{&quot;_animation&quot;:&quot;fadeIn&quot;}\" data-widget_type=\"heading.default\">\n\t\t\t\t<div class=\"elementor-widget-container\">\n\t\t\t\t\t<h5 class=\"elementor-heading-title elementor-size-default\"><a href=\"https:\/\/www.fs-umi.ac.ma\/wp-content\/uploads\/2025\/10\/TA-SIRO-V2_251030_172726.pdf\">Syst\u00e8mes Intelligents &amp; Recherche Op\u00e9rationnelle<\/a><\/h5>\t\t\t\t<\/div>\n\t\t\t\t<\/div>\n\t\t\t\t\t<\/div>\n\t\t<\/div>\n\t\t\t\t\t<\/div>\n\t\t<\/section>\n\t\t\t\t<section class=\"elementor-section elementor-top-section elementor-element elementor-element-c50a919 elementor-section-boxed elementor-section-height-default elementor-section-height-default\" data-id=\"c50a919\" data-element_type=\"section\" data-e-type=\"section\">\n\t\t\t\t\t\t<div class=\"elementor-container elementor-column-gap-default\">\n\t\t\t\t\t<div class=\"elementor-column elementor-col-100 elementor-top-column elementor-element elementor-element-e98d37e\" data-id=\"e98d37e\" data-element_type=\"column\" data-e-type=\"column\">\n\t\t\t<div class=\"elementor-widget-wrap elementor-element-populated\">\n\t\t\t\t\t\t<div class=\"elementor-element elementor-element-786e60a elementor-icon-list--layout-traditional elementor-list-item-link-full_width elementor-invisible elementor-widget elementor-widget-icon-list\" data-id=\"786e60a\" data-element_type=\"widget\" data-e-type=\"widget\" data-settings=\"{&quot;_animation&quot;:&quot;fadeIn&quot;}\" data-widget_type=\"icon-list.default\">\n\t\t\t\t<div class=\"elementor-widget-container\">\n\t\t\t\t\t\t\t<ul class=\"elementor-icon-list-items\">\n\t\t\t\t\t\t\t<li class=\"elementor-icon-list-item\">\n\t\t\t\t\t\t\t\t\t\t\t<span class=\"elementor-icon-list-icon\">\n\t\t\t\t\t\t\t<i aria-hidden=\"true\" class=\"fas fa-user-tie\"><\/i>\t\t\t\t\t\t<\/span>\n\t\t\t\t\t\t\t\t\t\t<span class=\"elementor-icon-list-text\">Responsable : Pr. EL YASSINI Khalid<\/span>\n\t\t\t\t\t\t\t\t\t<\/li>\n\t\t\t\t\t\t\t\t<li class=\"elementor-icon-list-item\">\n\t\t\t\t\t\t\t\t\t\t\t<a href=\"mailto:k.elyassini@umi.ac.ma\">\n\n\t\t\t\t\t\t\t\t\t\t\t\t<span class=\"elementor-icon-list-icon\">\n\t\t\t\t\t\t\t<i aria-hidden=\"true\" class=\"fas fa-envelope\"><\/i>\t\t\t\t\t\t<\/span>\n\t\t\t\t\t\t\t\t\t\t<span class=\"elementor-icon-list-text\">k.elyassini@umi.ac.ma<\/span>\n\t\t\t\t\t\t\t\t\t\t\t<\/a>\n\t\t\t\t\t\t\t\t\t<\/li>\n\t\t\t\t\t\t\t\t<li class=\"elementor-icon-list-item\">\n\t\t\t\t\t\t\t\t\t\t\t<a href=\"https:\/\/www.fs-umi.ac.ma\/wp-content\/uploads\/2025\/10\/TA-SIRO-V2_251030_172726.pdf\">\n\n\t\t\t\t\t\t\t\t\t\t\t\t<span class=\"elementor-icon-list-icon\">\n\t\t\t\t\t\t\t<i aria-hidden=\"true\" class=\"fas fa-info-circle\"><\/i>\t\t\t\t\t\t<\/span>\n\t\t\t\t\t\t\t\t\t\t<span class=\"elementor-icon-list-text\">Plus d'information<\/span>\n\t\t\t\t\t\t\t\t\t\t\t<\/a>\n\t\t\t\t\t\t\t\t\t<\/li>\n\t\t\t\t\t\t\t\t<li class=\"elementor-icon-list-item\">\n\t\t\t\t\t\t\t\t\t\t\t<a href=\"https:\/\/www.fs-umi.ac.ma\/index.php\/departement-dinformatique\/\">\n\n\t\t\t\t\t\t\t\t\t\t\t\t<span class=\"elementor-icon-list-icon\">\n\t\t\t\t\t\t\t<i aria-hidden=\"true\" class=\"fas fa-building\"><\/i>\t\t\t\t\t\t<\/span>\n\t\t\t\t\t\t\t\t\t\t<span class=\"elementor-icon-list-text\">D\u00e9partement d'informatique<\/span>\n\t\t\t\t\t\t\t\t\t\t\t<\/a>\n\t\t\t\t\t\t\t\t\t<\/li>\n\t\t\t\t\t\t<\/ul>\n\t\t\t\t\t\t<\/div>\n\t\t\t\t<\/div>\n\t\t\t\t\t<\/div>\n\t\t<\/div>\n\t\t\t\t\t<\/div>\n\t\t<\/section>\n\t\t\t\t<section class=\"elementor-section elementor-top-section elementor-element elementor-element-1d94527 elementor-section-boxed elementor-section-height-default elementor-section-height-default\" data-id=\"1d94527\" data-element_type=\"section\" data-e-type=\"section\">\n\t\t\t\t\t\t<div class=\"elementor-container elementor-column-gap-default\">\n\t\t\t\t\t<div class=\"elementor-column elementor-col-100 elementor-top-column elementor-element elementor-element-37141d5\" data-id=\"37141d5\" data-element_type=\"column\" data-e-type=\"column\">\n\t\t\t<div class=\"elementor-widget-wrap elementor-element-populated\">\n\t\t\t\t\t\t<div class=\"elementor-element elementor-element-079e765 elementor-invisible elementor-widget elementor-widget-heading\" data-id=\"079e765\" data-element_type=\"widget\" data-e-type=\"widget\" data-settings=\"{&quot;_animation&quot;:&quot;fadeIn&quot;}\" data-widget_type=\"heading.default\">\n\t\t\t\t<div class=\"elementor-widget-container\">\n\t\t\t\t\t<h5 class=\"elementor-heading-title elementor-size-default\"><a href=\"https:\/\/www.fs-umi.ac.ma\/wp-content\/uploads\/2025\/11\/Affiche_LicenceISOC_TA-1.pdf\">Intelligence et S\u00e9curit\u00e9 des Objets Connect\u00e9s<\/a><\/h5>\t\t\t\t<\/div>\n\t\t\t\t<\/div>\n\t\t\t\t\t<\/div>\n\t\t<\/div>\n\t\t\t\t\t<\/div>\n\t\t<\/section>\n\t\t\t\t<section class=\"elementor-section elementor-top-section elementor-element elementor-element-8d84321 elementor-section-boxed elementor-section-height-default elementor-section-height-default\" data-id=\"8d84321\" data-element_type=\"section\" data-e-type=\"section\">\n\t\t\t\t\t\t<div class=\"elementor-container elementor-column-gap-default\">\n\t\t\t\t\t<div class=\"elementor-column elementor-col-100 elementor-top-column elementor-element elementor-element-df05fba\" data-id=\"df05fba\" data-element_type=\"column\" data-e-type=\"column\">\n\t\t\t<div class=\"elementor-widget-wrap elementor-element-populated\">\n\t\t\t\t\t\t<div class=\"elementor-element elementor-element-30f026c elementor-icon-list--layout-traditional elementor-list-item-link-full_width elementor-invisible elementor-widget elementor-widget-icon-list\" data-id=\"30f026c\" data-element_type=\"widget\" data-e-type=\"widget\" data-settings=\"{&quot;_animation&quot;:&quot;fadeIn&quot;}\" data-widget_type=\"icon-list.default\">\n\t\t\t\t<div class=\"elementor-widget-container\">\n\t\t\t\t\t\t\t<ul class=\"elementor-icon-list-items\">\n\t\t\t\t\t\t\t<li class=\"elementor-icon-list-item\">\n\t\t\t\t\t\t\t\t\t\t\t<span class=\"elementor-icon-list-icon\">\n\t\t\t\t\t\t\t<i aria-hidden=\"true\" class=\"fas fa-user-tie\"><\/i>\t\t\t\t\t\t<\/span>\n\t\t\t\t\t\t\t\t\t\t<span class=\"elementor-icon-list-text\">Responsable : Pr. EL BELRHITI EL ALAOUI Abdelbaki<\/span>\n\t\t\t\t\t\t\t\t\t<\/li>\n\t\t\t\t\t\t\t\t<li class=\"elementor-icon-list-item\">\n\t\t\t\t\t\t\t\t\t\t\t<a href=\"mailto:a.elbelrhitielalaoui@umi.ac.ma\">\n\n\t\t\t\t\t\t\t\t\t\t\t\t<span class=\"elementor-icon-list-icon\">\n\t\t\t\t\t\t\t<i aria-hidden=\"true\" class=\"fas fa-envelope\"><\/i>\t\t\t\t\t\t<\/span>\n\t\t\t\t\t\t\t\t\t\t<span class=\"elementor-icon-list-text\">a.elbelrhitielalaoui@umi.ac.ma<\/span>\n\t\t\t\t\t\t\t\t\t\t\t<\/a>\n\t\t\t\t\t\t\t\t\t<\/li>\n\t\t\t\t\t\t\t\t<li class=\"elementor-icon-list-item\">\n\t\t\t\t\t\t\t\t\t\t\t<a href=\"https:\/\/www.fs-umi.ac.ma\/wp-content\/uploads\/2025\/11\/Affiche_LicenceISOC_TA-1.pdf\">\n\n\t\t\t\t\t\t\t\t\t\t\t\t<span class=\"elementor-icon-list-icon\">\n\t\t\t\t\t\t\t<i aria-hidden=\"true\" class=\"fas fa-info-circle\"><\/i>\t\t\t\t\t\t<\/span>\n\t\t\t\t\t\t\t\t\t\t<span class=\"elementor-icon-list-text\">Plus d'information<\/span>\n\t\t\t\t\t\t\t\t\t\t\t<\/a>\n\t\t\t\t\t\t\t\t\t<\/li>\n\t\t\t\t\t\t\t\t<li class=\"elementor-icon-list-item\">\n\t\t\t\t\t\t\t\t\t\t\t<a href=\"https:\/\/www.fs-umi.ac.ma\/index.php\/departement-dinformatique\/\">\n\n\t\t\t\t\t\t\t\t\t\t\t\t<span class=\"elementor-icon-list-icon\">\n\t\t\t\t\t\t\t<i aria-hidden=\"true\" class=\"fas fa-building\"><\/i>\t\t\t\t\t\t<\/span>\n\t\t\t\t\t\t\t\t\t\t<span class=\"elementor-icon-list-text\">D\u00e9partement d'informatique<\/span>\n\t\t\t\t\t\t\t\t\t\t\t<\/a>\n\t\t\t\t\t\t\t\t\t<\/li>\n\t\t\t\t\t\t<\/ul>\n\t\t\t\t\t\t<\/div>\n\t\t\t\t<\/div>\n\t\t\t\t\t<\/div>\n\t\t<\/div>\n\t\t\t\t\t<\/div>\n\t\t<\/section>\n\t\t\t\t<\/div>\n\t\t","protected":false},"excerpt":{"rendered":"<p>Licence temps am\u00e9nag\u00e9 Fili\u00e8res accr\u00e9dit\u00e9es Syst\u00e8mes Intelligents &amp; Recherche Op\u00e9rationnelle Responsable : Pr. EL YASSINI Khalid k.elyassini@umi.ac.ma Plus d&#8217;information D\u00e9partement d&#8217;informatique Intelligence et S\u00e9curit\u00e9 des Objets Connect\u00e9s Responsable : Pr. EL BELRHITI EL ALAOUI Abdelbaki a.elbelrhitielalaoui@umi.ac.ma Plus d&#8217;information D\u00e9partement d&#8217;informatique<\/p>\n","protected":false},"author":1,"featured_media":0,"parent":0,"menu_order":0,"comment_status":"closed","ping_status":"closed","template":"page-templates\/template-pagebuilder-full-width.php","meta":{"neve_meta_sidebar":"","neve_meta_container":"","neve_meta_enable_content_width":"","neve_meta_content_width":0,"neve_meta_title_alignment":"","neve_meta_author_avatar":"","neve_post_elements_order":"","neve_meta_disable_header":"","neve_meta_disable_footer":"","neve_meta_disable_title":"","footnotes":""},"class_list":["post-10793","page","type-page","status-publish","hentry"],"yoast_head":"<!-- This site is optimized with the Yoast SEO plugin v27.5 - https:\/\/yoast.com\/product\/yoast-seo-wordpress\/ -->\n<title>Licence temps am\u00e9nag\u00e9 - Facult\u00e9 des sciences de Mekn\u00e8s<\/title>\n<meta name=\"robots\" content=\"index, follow, max-snippet:-1, max-image-preview:large, max-video-preview:-1\" \/>\n<link rel=\"canonical\" href=\"https:\/\/www.fs-umi.ac.ma\/index.php\/licence-temps-amenage\/\" \/>\n<meta property=\"og:locale\" content=\"fr_FR\" \/>\n<meta property=\"og:type\" content=\"article\" \/>\n<meta property=\"og:title\" content=\"Licence temps am\u00e9nag\u00e9 - Facult\u00e9 des sciences de Mekn\u00e8s\" \/>\n<meta property=\"og:description\" content=\"Licence temps am\u00e9nag\u00e9 Fili\u00e8res accr\u00e9dit\u00e9es Syst\u00e8mes Intelligents &amp; Recherche Op\u00e9rationnelle Responsable : Pr. EL YASSINI Khalid k.elyassini@umi.ac.ma Plus d&#8217;information D\u00e9partement d&#8217;informatique Intelligence et S\u00e9curit\u00e9 des Objets Connect\u00e9s Responsable : Pr. EL BELRHITI EL ALAOUI Abdelbaki a.elbelrhitielalaoui@umi.ac.ma Plus d&#8217;information D\u00e9partement d&#8217;informatique\" \/>\n<meta property=\"og:url\" content=\"https:\/\/www.fs-umi.ac.ma\/index.php\/licence-temps-amenage\/\" \/>\n<meta property=\"og:site_name\" content=\"Facult\u00e9 des sciences de Mekn\u00e8s\" \/>\n<meta property=\"article:modified_time\" content=\"2025-11-27T10:33:34+00:00\" \/>\n<meta name=\"twitter:card\" content=\"summary_large_image\" \/>\n<script type=\"application\/ld+json\" class=\"yoast-schema-graph\">{\"@context\":\"https:\\\/\\\/schema.org\",\"@graph\":[{\"@type\":\"WebPage\",\"@id\":\"https:\\\/\\\/www.fs-umi.ac.ma\\\/index.php\\\/licence-temps-amenage\\\/\",\"url\":\"https:\\\/\\\/www.fs-umi.ac.ma\\\/index.php\\\/licence-temps-amenage\\\/\",\"name\":\"Licence temps am\u00e9nag\u00e9 - Facult\u00e9 des sciences de Mekn\u00e8s\",\"isPartOf\":{\"@id\":\"https:\\\/\\\/www.fs-umi.ac.ma\\\/#website\"},\"datePublished\":\"2025-10-28T11:14:04+00:00\",\"dateModified\":\"2025-11-27T10:33:34+00:00\",\"breadcrumb\":{\"@id\":\"https:\\\/\\\/www.fs-umi.ac.ma\\\/index.php\\\/licence-temps-amenage\\\/#breadcrumb\"},\"inLanguage\":\"fr-FR\",\"potentialAction\":[{\"@type\":\"ReadAction\",\"target\":[\"https:\\\/\\\/www.fs-umi.ac.ma\\\/index.php\\\/licence-temps-amenage\\\/\"]}]},{\"@type\":\"BreadcrumbList\",\"@id\":\"https:\\\/\\\/www.fs-umi.ac.ma\\\/index.php\\\/licence-temps-amenage\\\/#breadcrumb\",\"itemListElement\":[{\"@type\":\"ListItem\",\"position\":1,\"name\":\"Accueil\",\"item\":\"https:\\\/\\\/www.fs-umi.ac.ma\\\/\"},{\"@type\":\"ListItem\",\"position\":2,\"name\":\"Licence temps am\u00e9nag\u00e9\"}]},{\"@type\":\"WebSite\",\"@id\":\"https:\\\/\\\/www.fs-umi.ac.ma\\\/#website\",\"url\":\"https:\\\/\\\/www.fs-umi.ac.ma\\\/\",\"name\":\"Facult\u00e9 des sciences de Mekn\u00e8s\",\"description\":\"Universit\u00e9 Moulay Ismail\",\"publisher\":{\"@id\":\"https:\\\/\\\/www.fs-umi.ac.ma\\\/#organization\"},\"potentialAction\":[{\"@type\":\"SearchAction\",\"target\":{\"@type\":\"EntryPoint\",\"urlTemplate\":\"https:\\\/\\\/www.fs-umi.ac.ma\\\/?s={search_term_string}\"},\"query-input\":{\"@type\":\"PropertyValueSpecification\",\"valueRequired\":true,\"valueName\":\"search_term_string\"}}],\"inLanguage\":\"fr-FR\"},{\"@type\":\"Organization\",\"@id\":\"https:\\\/\\\/www.fs-umi.ac.ma\\\/#organization\",\"name\":\"Facult\u00e9 des sciences de Mekn\u00e8s\",\"url\":\"https:\\\/\\\/www.fs-umi.ac.ma\\\/\",\"logo\":{\"@type\":\"ImageObject\",\"inLanguage\":\"fr-FR\",\"@id\":\"https:\\\/\\\/www.fs-umi.ac.ma\\\/#\\\/schema\\\/logo\\\/image\\\/\",\"url\":\"https:\\\/\\\/www.fs-umi.ac.ma\\\/wp-content\\\/uploads\\\/2020\\\/10\\\/logo-2.png\",\"contentUrl\":\"https:\\\/\\\/www.fs-umi.ac.ma\\\/wp-content\\\/uploads\\\/2020\\\/10\\\/logo-2.png\",\"width\":824,\"height\":307,\"caption\":\"Facult\u00e9 des sciences de Mekn\u00e8s\"},\"image\":{\"@id\":\"https:\\\/\\\/www.fs-umi.ac.ma\\\/#\\\/schema\\\/logo\\\/image\\\/\"}}]}<\/script>\n<!-- \/ Yoast SEO plugin. -->","yoast_head_json":{"title":"Licence temps am\u00e9nag\u00e9 - Facult\u00e9 des sciences de Mekn\u00e8s","robots":{"index":"index","follow":"follow","max-snippet":"max-snippet:-1","max-image-preview":"max-image-preview:large","max-video-preview":"max-video-preview:-1"},"canonical":"https:\/\/www.fs-umi.ac.ma\/index.php\/licence-temps-amenage\/","og_locale":"fr_FR","og_type":"article","og_title":"Licence temps am\u00e9nag\u00e9 - Facult\u00e9 des sciences de Mekn\u00e8s","og_description":"Licence temps am\u00e9nag\u00e9 Fili\u00e8res accr\u00e9dit\u00e9es Syst\u00e8mes Intelligents &amp; Recherche Op\u00e9rationnelle Responsable : Pr. EL YASSINI Khalid k.elyassini@umi.ac.ma Plus d&#8217;information D\u00e9partement d&#8217;informatique Intelligence et S\u00e9curit\u00e9 des Objets Connect\u00e9s Responsable : Pr. EL BELRHITI EL ALAOUI Abdelbaki a.elbelrhitielalaoui@umi.ac.ma Plus d&#8217;information D\u00e9partement d&#8217;informatique","og_url":"https:\/\/www.fs-umi.ac.ma\/index.php\/licence-temps-amenage\/","og_site_name":"Facult\u00e9 des sciences de Mekn\u00e8s","article_modified_time":"2025-11-27T10:33:34+00:00","twitter_card":"summary_large_image","schema":{"@context":"https:\/\/schema.org","@graph":[{"@type":"WebPage","@id":"https:\/\/www.fs-umi.ac.ma\/index.php\/licence-temps-amenage\/","url":"https:\/\/www.fs-umi.ac.ma\/index.php\/licence-temps-amenage\/","name":"Licence temps am\u00e9nag\u00e9 - Facult\u00e9 des sciences de Mekn\u00e8s","isPartOf":{"@id":"https:\/\/www.fs-umi.ac.ma\/#website"},"datePublished":"2025-10-28T11:14:04+00:00","dateModified":"2025-11-27T10:33:34+00:00","breadcrumb":{"@id":"https:\/\/www.fs-umi.ac.ma\/index.php\/licence-temps-amenage\/#breadcrumb"},"inLanguage":"fr-FR","potentialAction":[{"@type":"ReadAction","target":["https:\/\/www.fs-umi.ac.ma\/index.php\/licence-temps-amenage\/"]}]},{"@type":"BreadcrumbList","@id":"https:\/\/www.fs-umi.ac.ma\/index.php\/licence-temps-amenage\/#breadcrumb","itemListElement":[{"@type":"ListItem","position":1,"name":"Accueil","item":"https:\/\/www.fs-umi.ac.ma\/"},{"@type":"ListItem","position":2,"name":"Licence temps am\u00e9nag\u00e9"}]},{"@type":"WebSite","@id":"https:\/\/www.fs-umi.ac.ma\/#website","url":"https:\/\/www.fs-umi.ac.ma\/","name":"Facult\u00e9 des sciences de Mekn\u00e8s","description":"Universit\u00e9 Moulay Ismail","publisher":{"@id":"https:\/\/www.fs-umi.ac.ma\/#organization"},"potentialAction":[{"@type":"SearchAction","target":{"@type":"EntryPoint","urlTemplate":"https:\/\/www.fs-umi.ac.ma\/?s={search_term_string}"},"query-input":{"@type":"PropertyValueSpecification","valueRequired":true,"valueName":"search_term_string"}}],"inLanguage":"fr-FR"},{"@type":"Organization","@id":"https:\/\/www.fs-umi.ac.ma\/#organization","name":"Facult\u00e9 des sciences de Mekn\u00e8s","url":"https:\/\/www.fs-umi.ac.ma\/","logo":{"@type":"ImageObject","inLanguage":"fr-FR","@id":"https:\/\/www.fs-umi.ac.ma\/#\/schema\/logo\/image\/","url":"https:\/\/www.fs-umi.ac.ma\/wp-content\/uploads\/2020\/10\/logo-2.png","contentUrl":"https:\/\/www.fs-umi.ac.ma\/wp-content\/uploads\/2020\/10\/logo-2.png","width":824,"height":307,"caption":"Facult\u00e9 des sciences de Mekn\u00e8s"},"image":{"@id":"https:\/\/www.fs-umi.ac.ma\/#\/schema\/logo\/image\/"}}]}},"rttpg_featured_image_url":null,"rttpg_author":{"display_name":"FSM","author_link":"https:\/\/www.fs-umi.ac.ma\/index.php\/author\/fsm\/"},"rttpg_comment":0,"rttpg_category":null,"rttpg_excerpt":"Licence temps am\u00e9nag\u00e9 Fili\u00e8res accr\u00e9dit\u00e9es Syst\u00e8mes Intelligents &amp; Recherche Op\u00e9rationnelle Responsable : Pr. EL YASSINI Khalid k.elyassini@umi.ac.ma Plus d&#8217;information D\u00e9partement d&#8217;informatique Intelligence et S\u00e9curit\u00e9 des Objets Connect\u00e9s Responsable : Pr. EL BELRHITI EL ALAOUI Abdelbaki a.elbelrhitielalaoui@umi.ac.ma Plus d&#8217;information D\u00e9partement d&#8217;informatique","_links":{"self":[{"href":"https:\/\/www.fs-umi.ac.ma\/index.php\/wp-json\/wp\/v2\/pages\/10793","targetHints":{"allow":["GET"]}}],"collection":[{"href":"https:\/\/www.fs-umi.ac.ma\/index.php\/wp-json\/wp\/v2\/pages"}],"about":[{"href":"https:\/\/www.fs-umi.ac.ma\/index.php\/wp-json\/wp\/v2\/types\/page"}],"author":[{"embeddable":true,"href":"https:\/\/www.fs-umi.ac.ma\/index.php\/wp-json\/wp\/v2\/users\/1"}],"replies":[{"embeddable":true,"href":"https:\/\/www.fs-umi.ac.ma\/index.php\/wp-json\/wp\/v2\/comments?post=10793"}],"version-history":[{"count":23,"href":"https:\/\/www.fs-umi.ac.ma\/index.php\/wp-json\/wp\/v2\/pages\/10793\/revisions"}],"predecessor-version":[{"id":11399,"href":"https:\/\/www.fs-umi.ac.ma\/index.php\/wp-json\/wp\/v2\/pages\/10793\/revisions\/11399"}],"wp:attachment":[{"href":"https:\/\/www.fs-umi.ac.ma\/index.php\/wp-json\/wp\/v2\/media?parent=10793"}],"curies":[{"name":"wp","href":"https:\/\/api.w.org\/{rel}","templated":true}]}}