{"id":17,"date":"2020-06-18T14:06:30","date_gmt":"2020-06-18T12:06:30","guid":{"rendered":"http:\/\/www.fs-umi.ac.ma\/wordpress\/?page_id=17"},"modified":"2025-10-28T10:54:51","modified_gmt":"2025-10-28T09:54:51","slug":"formation","status":"publish","type":"page","link":"https:\/\/www.fs-umi.ac.ma\/index.php\/formation\/","title":{"rendered":"Formation"},"content":{"rendered":"\t\t<div data-elementor-type=\"wp-page\" data-elementor-id=\"17\" class=\"elementor elementor-17\">\n\t\t\t\t\t\t<header class=\"elementor-section elementor-top-section elementor-element elementor-element-6f4ed0a elementor-section-full_width elementor-section-height-min-height elementor-section-items-bottom elementor-section-height-default elementor-invisible\" data-id=\"6f4ed0a\" data-element_type=\"section\" data-e-type=\"section\" data-settings=\"{&quot;background_background&quot;:&quot;classic&quot;,&quot;animation&quot;:&quot;fadeIn&quot;,&quot;animation_delay&quot;:50}\">\n\t\t\t\t\t\t\t<div class=\"elementor-background-overlay\"><\/div>\n\t\t\t\t\t\t\t<div class=\"elementor-container elementor-column-gap-no\">\n\t\t\t\t\t<div class=\"elementor-column elementor-col-100 elementor-top-column elementor-element elementor-element-ae79f6d\" data-id=\"ae79f6d\" data-element_type=\"column\" data-e-type=\"column\">\n\t\t\t<div class=\"elementor-widget-wrap elementor-element-populated\">\n\t\t\t\t\t\t<section class=\"elementor-section elementor-inner-section elementor-element elementor-element-64e6674 elementor-section-content-bottom elementor-section-boxed elementor-section-height-default elementor-section-height-default\" data-id=\"64e6674\" data-element_type=\"section\" data-e-type=\"section\">\n\t\t\t\t\t\t<div class=\"elementor-container elementor-column-gap-default\">\n\t\t\t\t\t<div class=\"elementor-column elementor-col-100 elementor-inner-column elementor-element elementor-element-6ed9234\" data-id=\"6ed9234\" data-element_type=\"column\" data-e-type=\"column\">\n\t\t\t<div class=\"elementor-widget-wrap elementor-element-populated\">\n\t\t\t\t\t\t<div class=\"elementor-element elementor-element-580c92a animated-slow elementor-widget elementor-widget-heading\" data-id=\"580c92a\" data-element_type=\"widget\" data-e-type=\"widget\" data-settings=\"{&quot;_animation&quot;:&quot;none&quot;}\" data-widget_type=\"heading.default\">\n\t\t\t\t<div class=\"elementor-widget-container\">\n\t\t\t\t\t<h6 class=\"elementor-heading-title elementor-size-default\">Formation<\/h6>\t\t\t\t<\/div>\n\t\t\t\t<\/div>\n\t\t\t\t\t<\/div>\n\t\t<\/div>\n\t\t\t\t\t<\/div>\n\t\t<\/section>\n\t\t\t\t\t<\/div>\n\t\t<\/div>\n\t\t\t\t\t<\/div>\n\t\t<\/header>\n\t\t\t\t<section class=\"elementor-section elementor-top-section elementor-element elementor-element-4df4a232 elementor-section-content-middle elementor-reverse-mobile elementor-section-boxed elementor-section-height-default elementor-section-height-default\" data-id=\"4df4a232\" data-element_type=\"section\" data-e-type=\"section\" data-settings=\"{&quot;background_background&quot;:&quot;classic&quot;}\">\n\t\t\t\t\t\t\t<div class=\"elementor-background-overlay\"><\/div>\n\t\t\t\t\t\t\t<div class=\"elementor-container elementor-column-gap-default\">\n\t\t\t\t\t<div class=\"elementor-column elementor-col-100 elementor-top-column elementor-element elementor-element-68d6ab80\" data-id=\"68d6ab80\" data-element_type=\"column\" data-e-type=\"column\">\n\t\t\t<div class=\"elementor-widget-wrap elementor-element-populated\">\n\t\t\t\t\t\t<section class=\"elementor-section elementor-inner-section elementor-element elementor-element-3bd1b9cd elementor-section-boxed elementor-section-height-default elementor-section-height-default\" data-id=\"3bd1b9cd\" data-element_type=\"section\" data-e-type=\"section\">\n\t\t\t\t\t\t<div class=\"elementor-container elementor-column-gap-wider\">\n\t\t\t\t\t<div data-premium-element-link=\"{&quot;type&quot;:&quot;url&quot;,&quot;link&quot;:{&quot;url&quot;:&quot;https:\\\/\\\/www.fs-umi.ac.ma\\\/index.php\\\/formation-initiale\\\/&quot;,&quot;is_external&quot;:&quot;&quot;,&quot;nofollow&quot;:&quot;&quot;,&quot;custom_attributes&quot;:&quot;&quot;},&quot;href&quot;:&quot;https:\\\/\\\/www.fs-umi.ac.ma\\\/index.php\\\/formation-initiale\\\/&quot;}\" style=\"cursor: pointer\" class=\"elementor-column elementor-col-33 elementor-inner-column elementor-element elementor-element-7f47877b premium-wrapper-link-yes elementor-invisible\" data-id=\"7f47877b\" data-element_type=\"column\" data-e-type=\"column\" data-settings=\"{&quot;background_background&quot;:&quot;classic&quot;,&quot;animation&quot;:&quot;fadeIn&quot;}\">\n\t\t\t<div class=\"elementor-widget-wrap elementor-element-populated\">\n\t\t\t\t\t\t<div class=\"elementor-element elementor-element-1ca5165 animated-slow elementor-widget elementor-widget-heading\" data-id=\"1ca5165\" data-element_type=\"widget\" data-e-type=\"widget\" data-settings=\"{&quot;_animation&quot;:&quot;none&quot;}\" data-widget_type=\"heading.default\">\n\t\t\t\t<div class=\"elementor-widget-container\">\n\t\t\t\t\t<h6 class=\"elementor-heading-title elementor-size-default\"><a href=\"https:\/\/www.fs-umi.ac.ma\/index.php\/formation-initiale\/\">Formation initiale<\/a><\/h6>\t\t\t\t<\/div>\n\t\t\t\t<\/div>\n\t\t\t\t\t<\/div>\n\t\t<\/div>\n\t\t\t\t<div data-premium-element-link=\"{&quot;type&quot;:&quot;url&quot;,&quot;link&quot;:{&quot;url&quot;:&quot;https:\\\/\\\/www.fs-umi.ac.ma\\\/index.php\\\/formation-temps-amenage\\\/&quot;,&quot;is_external&quot;:&quot;&quot;,&quot;nofollow&quot;:&quot;&quot;,&quot;custom_attributes&quot;:&quot;&quot;},&quot;href&quot;:&quot;https:\\\/\\\/www.fs-umi.ac.ma\\\/index.php\\\/formation-temps-amenage\\\/&quot;}\" style=\"cursor: pointer\" class=\"elementor-column elementor-col-33 elementor-inner-column elementor-element elementor-element-ab12a69 premium-wrapper-link-yes elementor-invisible\" data-id=\"ab12a69\" data-element_type=\"column\" data-e-type=\"column\" data-settings=\"{&quot;background_background&quot;:&quot;classic&quot;,&quot;animation&quot;:&quot;fadeIn&quot;}\">\n\t\t\t<div class=\"elementor-widget-wrap elementor-element-populated\">\n\t\t\t\t\t\t<div class=\"elementor-element elementor-element-4124cfb animated-slow elementor-widget elementor-widget-heading\" data-id=\"4124cfb\" data-element_type=\"widget\" data-e-type=\"widget\" data-settings=\"{&quot;_animation&quot;:&quot;none&quot;}\" data-widget_type=\"heading.default\">\n\t\t\t\t<div class=\"elementor-widget-container\">\n\t\t\t\t\t<h6 class=\"elementor-heading-title elementor-size-default\"><a href=\"https:\/\/www.fs-umi.ac.ma\/index.php\/formation-temps-amenage\/\">Formation temps am\u00e9nag\u00e9<\/a><\/h6>\t\t\t\t<\/div>\n\t\t\t\t<\/div>\n\t\t\t\t\t<\/div>\n\t\t<\/div>\n\t\t\t\t<div data-premium-element-link=\"{&quot;type&quot;:&quot;url&quot;,&quot;link&quot;:{&quot;url&quot;:&quot;https:\\\/\\\/www.fs-umi.ac.ma\\\/index.php\\\/formation-continue\\\/&quot;,&quot;is_external&quot;:&quot;&quot;,&quot;nofollow&quot;:&quot;&quot;,&quot;custom_attributes&quot;:&quot;&quot;},&quot;href&quot;:&quot;https:\\\/\\\/www.fs-umi.ac.ma\\\/index.php\\\/formation-continue\\\/&quot;}\" style=\"cursor: pointer\" class=\"elementor-column elementor-col-33 elementor-inner-column elementor-element elementor-element-9e08b23 premium-wrapper-link-yes elementor-invisible\" data-id=\"9e08b23\" data-element_type=\"column\" data-e-type=\"column\" data-settings=\"{&quot;background_background&quot;:&quot;classic&quot;,&quot;animation&quot;:&quot;fadeIn&quot;}\">\n\t\t\t<div class=\"elementor-widget-wrap elementor-element-populated\">\n\t\t\t\t\t\t<div class=\"elementor-element elementor-element-25d67d9 animated-slow elementor-widget elementor-widget-heading\" data-id=\"25d67d9\" data-element_type=\"widget\" data-e-type=\"widget\" data-settings=\"{&quot;_animation&quot;:&quot;none&quot;}\" data-widget_type=\"heading.default\">\n\t\t\t\t<div class=\"elementor-widget-container\">\n\t\t\t\t\t<h6 class=\"elementor-heading-title elementor-size-default\"><a href=\"https:\/\/www.fs-umi.ac.ma\/index.php\/formation-continue\/\">Formation continue<\/a><\/h6>\t\t\t\t<\/div>\n\t\t\t\t<\/div>\n\t\t\t\t\t<\/div>\n\t\t<\/div>\n\t\t\t\t\t<\/div>\n\t\t<\/section>\n\t\t\t\t\t<\/div>\n\t\t<\/div>\n\t\t\t\t\t<\/div>\n\t\t<\/section>\n\t\t\t\t<\/div>\n\t\t","protected":false},"excerpt":{"rendered":"<p>Formation Formation initiale Formation temps am\u00e9nag\u00e9 Formation continue<\/p>\n","protected":false},"author":1,"featured_media":0,"parent":0,"menu_order":0,"comment_status":"closed","ping_status":"closed","template":"","meta":{"neve_meta_sidebar":"","neve_meta_container":"","neve_meta_enable_content_width":"","neve_meta_content_width":0,"neve_meta_title_alignment":"","neve_meta_author_avatar":"","neve_post_elements_order":"","neve_meta_disable_header":"","neve_meta_disable_footer":"","neve_meta_disable_title":"","footnotes":""},"class_list":["post-17","page","type-page","status-publish","hentry"],"yoast_head":"<!-- This site is optimized with the Yoast SEO plugin v27.3 - https:\/\/yoast.com\/product\/yoast-seo-wordpress\/ -->\n<title>Formation - Facult\u00e9 des sciences de Mekn\u00e8s<\/title>\n<meta name=\"robots\" content=\"index, follow, max-snippet:-1, max-image-preview:large, max-video-preview:-1\" \/>\n<link rel=\"canonical\" href=\"https:\/\/www.fs-umi.ac.ma\/index.php\/formation\/\" \/>\n<meta property=\"og:locale\" content=\"fr_FR\" \/>\n<meta property=\"og:type\" content=\"article\" \/>\n<meta property=\"og:title\" content=\"Formation - Facult\u00e9 des sciences de Mekn\u00e8s\" \/>\n<meta property=\"og:description\" content=\"Formation Formation initiale Formation temps am\u00e9nag\u00e9 Formation continue\" \/>\n<meta property=\"og:url\" content=\"https:\/\/www.fs-umi.ac.ma\/index.php\/formation\/\" \/>\n<meta property=\"og:site_name\" content=\"Facult\u00e9 des sciences de Mekn\u00e8s\" \/>\n<meta property=\"article:modified_time\" content=\"2025-10-28T09:54:51+00:00\" \/>\n<meta name=\"twitter:card\" content=\"summary_large_image\" \/>\n<script type=\"application\/ld+json\" class=\"yoast-schema-graph\">{\"@context\":\"https:\\\/\\\/schema.org\",\"@graph\":[{\"@type\":\"WebPage\",\"@id\":\"https:\\\/\\\/www.fs-umi.ac.ma\\\/index.php\\\/formation\\\/\",\"url\":\"https:\\\/\\\/www.fs-umi.ac.ma\\\/index.php\\\/formation\\\/\",\"name\":\"Formation - Facult\u00e9 des sciences de Mekn\u00e8s\",\"isPartOf\":{\"@id\":\"https:\\\/\\\/www.fs-umi.ac.ma\\\/#website\"},\"datePublished\":\"2020-06-18T12:06:30+00:00\",\"dateModified\":\"2025-10-28T09:54:51+00:00\",\"breadcrumb\":{\"@id\":\"https:\\\/\\\/www.fs-umi.ac.ma\\\/index.php\\\/formation\\\/#breadcrumb\"},\"inLanguage\":\"fr-FR\",\"potentialAction\":[{\"@type\":\"ReadAction\",\"target\":[\"https:\\\/\\\/www.fs-umi.ac.ma\\\/index.php\\\/formation\\\/\"]}]},{\"@type\":\"BreadcrumbList\",\"@id\":\"https:\\\/\\\/www.fs-umi.ac.ma\\\/index.php\\\/formation\\\/#breadcrumb\",\"itemListElement\":[{\"@type\":\"ListItem\",\"position\":1,\"name\":\"Accueil\",\"item\":\"https:\\\/\\\/www.fs-umi.ac.ma\\\/\"},{\"@type\":\"ListItem\",\"position\":2,\"name\":\"Formation\"}]},{\"@type\":\"WebSite\",\"@id\":\"https:\\\/\\\/www.fs-umi.ac.ma\\\/#website\",\"url\":\"https:\\\/\\\/www.fs-umi.ac.ma\\\/\",\"name\":\"Facult\u00e9 des sciences de Mekn\u00e8s\",\"description\":\"Universit\u00e9 Moulay Ismail\",\"publisher\":{\"@id\":\"https:\\\/\\\/www.fs-umi.ac.ma\\\/#organization\"},\"potentialAction\":[{\"@type\":\"SearchAction\",\"target\":{\"@type\":\"EntryPoint\",\"urlTemplate\":\"https:\\\/\\\/www.fs-umi.ac.ma\\\/?s={search_term_string}\"},\"query-input\":{\"@type\":\"PropertyValueSpecification\",\"valueRequired\":true,\"valueName\":\"search_term_string\"}}],\"inLanguage\":\"fr-FR\"},{\"@type\":\"Organization\",\"@id\":\"https:\\\/\\\/www.fs-umi.ac.ma\\\/#organization\",\"name\":\"Facult\u00e9 des sciences de Mekn\u00e8s\",\"url\":\"https:\\\/\\\/www.fs-umi.ac.ma\\\/\",\"logo\":{\"@type\":\"ImageObject\",\"inLanguage\":\"fr-FR\",\"@id\":\"https:\\\/\\\/www.fs-umi.ac.ma\\\/#\\\/schema\\\/logo\\\/image\\\/\",\"url\":\"https:\\\/\\\/www.fs-umi.ac.ma\\\/wp-content\\\/uploads\\\/2020\\\/10\\\/logo-2.png\",\"contentUrl\":\"https:\\\/\\\/www.fs-umi.ac.ma\\\/wp-content\\\/uploads\\\/2020\\\/10\\\/logo-2.png\",\"width\":824,\"height\":307,\"caption\":\"Facult\u00e9 des sciences de Mekn\u00e8s\"},\"image\":{\"@id\":\"https:\\\/\\\/www.fs-umi.ac.ma\\\/#\\\/schema\\\/logo\\\/image\\\/\"}}]}<\/script>\n<!-- \/ Yoast SEO plugin. -->","yoast_head_json":{"title":"Formation - Facult\u00e9 des sciences de Mekn\u00e8s","robots":{"index":"index","follow":"follow","max-snippet":"max-snippet:-1","max-image-preview":"max-image-preview:large","max-video-preview":"max-video-preview:-1"},"canonical":"https:\/\/www.fs-umi.ac.ma\/index.php\/formation\/","og_locale":"fr_FR","og_type":"article","og_title":"Formation - Facult\u00e9 des sciences de Mekn\u00e8s","og_description":"Formation Formation initiale Formation temps am\u00e9nag\u00e9 Formation continue","og_url":"https:\/\/www.fs-umi.ac.ma\/index.php\/formation\/","og_site_name":"Facult\u00e9 des sciences de Mekn\u00e8s","article_modified_time":"2025-10-28T09:54:51+00:00","twitter_card":"summary_large_image","schema":{"@context":"https:\/\/schema.org","@graph":[{"@type":"WebPage","@id":"https:\/\/www.fs-umi.ac.ma\/index.php\/formation\/","url":"https:\/\/www.fs-umi.ac.ma\/index.php\/formation\/","name":"Formation - Facult\u00e9 des sciences de Mekn\u00e8s","isPartOf":{"@id":"https:\/\/www.fs-umi.ac.ma\/#website"},"datePublished":"2020-06-18T12:06:30+00:00","dateModified":"2025-10-28T09:54:51+00:00","breadcrumb":{"@id":"https:\/\/www.fs-umi.ac.ma\/index.php\/formation\/#breadcrumb"},"inLanguage":"fr-FR","potentialAction":[{"@type":"ReadAction","target":["https:\/\/www.fs-umi.ac.ma\/index.php\/formation\/"]}]},{"@type":"BreadcrumbList","@id":"https:\/\/www.fs-umi.ac.ma\/index.php\/formation\/#breadcrumb","itemListElement":[{"@type":"ListItem","position":1,"name":"Accueil","item":"https:\/\/www.fs-umi.ac.ma\/"},{"@type":"ListItem","position":2,"name":"Formation"}]},{"@type":"WebSite","@id":"https:\/\/www.fs-umi.ac.ma\/#website","url":"https:\/\/www.fs-umi.ac.ma\/","name":"Facult\u00e9 des sciences de Mekn\u00e8s","description":"Universit\u00e9 Moulay Ismail","publisher":{"@id":"https:\/\/www.fs-umi.ac.ma\/#organization"},"potentialAction":[{"@type":"SearchAction","target":{"@type":"EntryPoint","urlTemplate":"https:\/\/www.fs-umi.ac.ma\/?s={search_term_string}"},"query-input":{"@type":"PropertyValueSpecification","valueRequired":true,"valueName":"search_term_string"}}],"inLanguage":"fr-FR"},{"@type":"Organization","@id":"https:\/\/www.fs-umi.ac.ma\/#organization","name":"Facult\u00e9 des sciences de Mekn\u00e8s","url":"https:\/\/www.fs-umi.ac.ma\/","logo":{"@type":"ImageObject","inLanguage":"fr-FR","@id":"https:\/\/www.fs-umi.ac.ma\/#\/schema\/logo\/image\/","url":"https:\/\/www.fs-umi.ac.ma\/wp-content\/uploads\/2020\/10\/logo-2.png","contentUrl":"https:\/\/www.fs-umi.ac.ma\/wp-content\/uploads\/2020\/10\/logo-2.png","width":824,"height":307,"caption":"Facult\u00e9 des sciences de Mekn\u00e8s"},"image":{"@id":"https:\/\/www.fs-umi.ac.ma\/#\/schema\/logo\/image\/"}}]}},"rttpg_featured_image_url":null,"rttpg_author":{"display_name":"FSM","author_link":"https:\/\/www.fs-umi.ac.ma\/index.php\/author\/fsm\/"},"rttpg_comment":0,"rttpg_category":null,"rttpg_excerpt":"Formation Formation initiale Formation temps am\u00e9nag\u00e9 Formation continue","_links":{"self":[{"href":"https:\/\/www.fs-umi.ac.ma\/index.php\/wp-json\/wp\/v2\/pages\/17","targetHints":{"allow":["GET"]}}],"collection":[{"href":"https:\/\/www.fs-umi.ac.ma\/index.php\/wp-json\/wp\/v2\/pages"}],"about":[{"href":"https:\/\/www.fs-umi.ac.ma\/index.php\/wp-json\/wp\/v2\/types\/page"}],"author":[{"embeddable":true,"href":"https:\/\/www.fs-umi.ac.ma\/index.php\/wp-json\/wp\/v2\/users\/1"}],"replies":[{"embeddable":true,"href":"https:\/\/www.fs-umi.ac.ma\/index.php\/wp-json\/wp\/v2\/comments?post=17"}],"version-history":[{"count":20,"href":"https:\/\/www.fs-umi.ac.ma\/index.php\/wp-json\/wp\/v2\/pages\/17\/revisions"}],"predecessor-version":[{"id":10736,"href":"https:\/\/www.fs-umi.ac.ma\/index.php\/wp-json\/wp\/v2\/pages\/17\/revisions\/10736"}],"wp:attachment":[{"href":"https:\/\/www.fs-umi.ac.ma\/index.php\/wp-json\/wp\/v2\/media?parent=17"}],"curies":[{"name":"wp","href":"https:\/\/api.w.org\/{rel}","templated":true}]}}