{"id":21,"date":"2020-06-18T14:06:55","date_gmt":"2020-06-18T12:06:55","guid":{"rendered":"http:\/\/www.fs-umi.ac.ma\/wordpress\/?page_id=21"},"modified":"2025-11-19T14:35:53","modified_gmt":"2025-11-19T13:35:53","slug":"recherche-scientifique","status":"publish","type":"page","link":"https:\/\/www.fs-umi.ac.ma\/index.php\/recherche-scientifique\/","title":{"rendered":"Recherche scientifique"},"content":{"rendered":"\t\t<div data-elementor-type=\"wp-page\" data-elementor-id=\"21\" class=\"elementor elementor-21\">\n\t\t\t\t\t\t<header class=\"elementor-section elementor-top-section elementor-element elementor-element-b92d6c1 elementor-section-full_width elementor-section-height-min-height elementor-section-items-bottom elementor-section-height-default elementor-invisible\" data-id=\"b92d6c1\" data-element_type=\"section\" data-e-type=\"section\" data-settings=\"{&quot;background_background&quot;:&quot;classic&quot;,&quot;animation&quot;:&quot;fadeIn&quot;,&quot;animation_delay&quot;:50}\">\n\t\t\t\t\t\t\t<div class=\"elementor-background-overlay\"><\/div>\n\t\t\t\t\t\t\t<div class=\"elementor-container elementor-column-gap-no\">\n\t\t\t\t\t<div class=\"elementor-column elementor-col-100 elementor-top-column elementor-element elementor-element-cfe1e77\" data-id=\"cfe1e77\" data-element_type=\"column\" data-e-type=\"column\">\n\t\t\t<div class=\"elementor-widget-wrap elementor-element-populated\">\n\t\t\t\t\t\t<section class=\"elementor-section elementor-inner-section elementor-element elementor-element-54604c4 elementor-section-content-bottom elementor-section-boxed elementor-section-height-default elementor-section-height-default\" data-id=\"54604c4\" data-element_type=\"section\" data-e-type=\"section\">\n\t\t\t\t\t\t<div class=\"elementor-container elementor-column-gap-default\">\n\t\t\t\t\t<div class=\"elementor-column elementor-col-100 elementor-inner-column elementor-element elementor-element-b4cdc05\" data-id=\"b4cdc05\" data-element_type=\"column\" data-e-type=\"column\">\n\t\t\t<div class=\"elementor-widget-wrap elementor-element-populated\">\n\t\t\t\t\t\t<div class=\"elementor-element elementor-element-b760c6a animated-slow elementor-widget elementor-widget-heading\" data-id=\"b760c6a\" data-element_type=\"widget\" data-e-type=\"widget\" data-settings=\"{&quot;_animation&quot;:&quot;none&quot;}\" data-widget_type=\"heading.default\">\n\t\t\t\t<div class=\"elementor-widget-container\">\n\t\t\t\t\t<h6 class=\"elementor-heading-title elementor-size-default\">RECHERCHE SCIENTIFIQUE<\/h6>\t\t\t\t<\/div>\n\t\t\t\t<\/div>\n\t\t\t\t\t<\/div>\n\t\t<\/div>\n\t\t\t\t\t<\/div>\n\t\t<\/section>\n\t\t\t\t\t<\/div>\n\t\t<\/div>\n\t\t\t\t\t<\/div>\n\t\t<\/header>\n\t\t\t\t<section class=\"elementor-section elementor-top-section elementor-element elementor-element-0cd2c7b elementor-hidden-desktop elementor-hidden-tablet elementor-hidden-mobile elementor-section-boxed elementor-section-height-default elementor-section-height-default\" data-id=\"0cd2c7b\" data-element_type=\"section\" data-e-type=\"section\">\n\t\t\t\t\t\t<div class=\"elementor-container elementor-column-gap-default\">\n\t\t\t\t\t<div class=\"elementor-column elementor-col-100 elementor-top-column elementor-element elementor-element-27d577a\" data-id=\"27d577a\" data-element_type=\"column\" data-e-type=\"column\">\n\t\t\t<div class=\"elementor-widget-wrap elementor-element-populated\">\n\t\t\t\t\t\t<section class=\"elementor-section elementor-inner-section elementor-element elementor-element-6572b30 elementor-section-full_width elementor-section-height-default elementor-section-height-default\" data-id=\"6572b30\" data-element_type=\"section\" data-e-type=\"section\">\n\t\t\t\t\t\t<div class=\"elementor-container elementor-column-gap-no\">\n\t\t\t\t\t<div class=\"elementor-column elementor-col-33 elementor-inner-column elementor-element elementor-element-eaef78c\" data-id=\"eaef78c\" data-element_type=\"column\" data-e-type=\"column\">\n\t\t\t<div class=\"elementor-widget-wrap elementor-element-populated\">\n\t\t\t\t\t\t<div class=\"elementor-element elementor-element-ca99548 ekit-equal-height-disable elementor-widget elementor-widget-elementskit-image-box\" data-id=\"ca99548\" data-element_type=\"widget\" data-e-type=\"widget\" data-widget_type=\"elementskit-image-box.default\">\n\t\t\t\t<div class=\"elementor-widget-container\">\n\t\t\t\t\t<div class=\"ekit-wid-con\" >\n            <div class=\"elementskit-info-image-box ekit-image-box text-left simple-card\" >\n\n                <a href=\"https:\/\/www.fs-umi.ac.ma\/index.php\/centres-des-etudes-doctorales\/\">\n                <div class=\"elementskit-box-header image-box-img-left\">\n\n                    <img fetchpriority=\"high\" decoding=\"async\" width=\"2560\" height=\"1709\" src=\"https:\/\/www.fs-umi.ac.ma\/wp-content\/uploads\/2020\/07\/21182-scaled.jpg\" class=\"attachment-full size-full wp-image-657\" alt=\"\" srcset=\"https:\/\/www.fs-umi.ac.ma\/wp-content\/uploads\/2020\/07\/21182-scaled.jpg 2560w, https:\/\/www.fs-umi.ac.ma\/wp-content\/uploads\/2020\/07\/21182-300x200.jpg 300w, https:\/\/www.fs-umi.ac.ma\/wp-content\/uploads\/2020\/07\/21182-1024x683.jpg 1024w, https:\/\/www.fs-umi.ac.ma\/wp-content\/uploads\/2020\/07\/21182-768x513.jpg 768w, https:\/\/www.fs-umi.ac.ma\/wp-content\/uploads\/2020\/07\/21182-391x260.jpg 391w, https:\/\/www.fs-umi.ac.ma\/wp-content\/uploads\/2020\/07\/21182-1536x1025.jpg 1536w, https:\/\/www.fs-umi.ac.ma\/wp-content\/uploads\/2020\/07\/21182-2048x1367.jpg 2048w\" sizes=\"(max-width: 2560px) 100vw, 2560px\" \/>\n                <\/div>\n                <\/a>\n                <div class=\"elementskit-box-body ekit-image-box-body\">\n                    <div class=\"elementskit-box-content ekit-image-box-body-inner\">\n                                                <h3 class=\"elementskit-info-box-title\">\n\n                        Centre D'\u00e9tudes Doctorales\n                        \n                    <\/h3>\n                                                        <\/div>\n\n                                <div class=\"elementskit-box-footer\">\n                    <div class=\"box-footer\">\n                        <div class=\"btn-wraper\">\n                                                            <a href=\"https:\/\/www.fs-umi.ac.ma\/index.php\/centres-des-etudes-doctorales\/\" class=\"elementskit-btn whitespace--normal\">\n                                    D\u00e9couvrez le Centre D&#039;\u00e9tudes Doctorales\n                                    <i aria-hidden=\"true\" class=\"hm hm-angle-right\"><\/i>\n                                <\/a>\n                                                        <\/div>\n                    <\/div>\n                <\/div>\n                            <\/div>\n            <\/div>\n    <\/div>\t\t\t\t<\/div>\n\t\t\t\t<\/div>\n\t\t\t\t\t<\/div>\n\t\t<\/div>\n\t\t\t\t<div class=\"elementor-column elementor-col-33 elementor-inner-column elementor-element elementor-element-a731250\" data-id=\"a731250\" data-element_type=\"column\" data-e-type=\"column\">\n\t\t\t<div class=\"elementor-widget-wrap elementor-element-populated\">\n\t\t\t\t\t\t<div class=\"elementor-element elementor-element-548dbc7 ekit-equal-height-disable elementor-widget elementor-widget-elementskit-image-box\" data-id=\"548dbc7\" data-element_type=\"widget\" data-e-type=\"widget\" data-widget_type=\"elementskit-image-box.default\">\n\t\t\t\t<div class=\"elementor-widget-container\">\n\t\t\t\t\t<div class=\"ekit-wid-con\" >\n            <div class=\"elementskit-info-image-box ekit-image-box text-left simple-card\" >\n\n                <a href=\"https:\/\/www.fs-umi.ac.ma\/index.php\/centre-commun-danalyses\/\">\n                <div class=\"elementskit-box-header image-box-img-left\">\n\n                    <img decoding=\"async\" width=\"626\" height=\"417\" src=\"https:\/\/www.fs-umi.ac.ma\/wp-content\/uploads\/2020\/07\/modern-laboratory-room_236854-17389.jpg\" class=\"attachment-full size-full wp-image-653\" alt=\"\" srcset=\"https:\/\/www.fs-umi.ac.ma\/wp-content\/uploads\/2020\/07\/modern-laboratory-room_236854-17389.jpg 626w, https:\/\/www.fs-umi.ac.ma\/wp-content\/uploads\/2020\/07\/modern-laboratory-room_236854-17389-300x200.jpg 300w, https:\/\/www.fs-umi.ac.ma\/wp-content\/uploads\/2020\/07\/modern-laboratory-room_236854-17389-391x260.jpg 391w\" sizes=\"(max-width: 626px) 100vw, 626px\" \/>\n                <\/div>\n                <\/a>\n                <div class=\"elementskit-box-body ekit-image-box-body\">\n                    <div class=\"elementskit-box-content ekit-image-box-body-inner\">\n                                                <h3 class=\"elementskit-info-box-title\">\n\n                        Centre Commun D\u2019analyse\n                        \n                    <\/h3>\n                                                        <\/div>\n\n                                <div class=\"elementskit-box-footer\">\n                    <div class=\"box-footer\">\n                        <div class=\"btn-wraper\">\n                                                            <a href=\"https:\/\/www.fs-umi.ac.ma\/index.php\/centre-commun-danalyses\/\" class=\"elementskit-btn whitespace--normal\">\n                                    D\u00e9couvrez le Centre Commun D\u2019analyses\n                                    <i aria-hidden=\"true\" class=\"hm hm-angle-right\"><\/i>\n                                <\/a>\n                                                        <\/div>\n                    <\/div>\n                <\/div>\n                            <\/div>\n            <\/div>\n    <\/div>\t\t\t\t<\/div>\n\t\t\t\t<\/div>\n\t\t\t\t\t<\/div>\n\t\t<\/div>\n\t\t\t\t<div class=\"elementor-column elementor-col-33 elementor-inner-column elementor-element elementor-element-b973589\" data-id=\"b973589\" data-element_type=\"column\" data-e-type=\"column\">\n\t\t\t<div class=\"elementor-widget-wrap elementor-element-populated\">\n\t\t\t\t\t\t<div class=\"elementor-element elementor-element-337bb7b ekit-equal-height-disable elementor-widget elementor-widget-elementskit-image-box\" data-id=\"337bb7b\" data-element_type=\"widget\" data-e-type=\"widget\" data-widget_type=\"elementskit-image-box.default\">\n\t\t\t\t<div class=\"elementor-widget-container\">\n\t\t\t\t\t<div class=\"ekit-wid-con\" >\n            <div class=\"elementskit-info-image-box ekit-image-box text-left simple-card\" >\n\n                <a href=\"https:\/\/www.fs-umi.ac.ma\/index.php\/laboratoires-de-recherche\/\">\n                <div class=\"elementskit-box-header image-box-img-left\">\n\n                    <img decoding=\"async\" width=\"2560\" height=\"1709\" src=\"https:\/\/www.fs-umi.ac.ma\/wp-content\/uploads\/2020\/07\/17082-scaled.jpg\" class=\"attachment-full size-full wp-image-647\" alt=\"\" srcset=\"https:\/\/www.fs-umi.ac.ma\/wp-content\/uploads\/2020\/07\/17082-scaled.jpg 2560w, https:\/\/www.fs-umi.ac.ma\/wp-content\/uploads\/2020\/07\/17082-300x200.jpg 300w, https:\/\/www.fs-umi.ac.ma\/wp-content\/uploads\/2020\/07\/17082-1024x683.jpg 1024w, https:\/\/www.fs-umi.ac.ma\/wp-content\/uploads\/2020\/07\/17082-768x513.jpg 768w, https:\/\/www.fs-umi.ac.ma\/wp-content\/uploads\/2020\/07\/17082-391x260.jpg 391w, https:\/\/www.fs-umi.ac.ma\/wp-content\/uploads\/2020\/07\/17082-1536x1025.jpg 1536w, https:\/\/www.fs-umi.ac.ma\/wp-content\/uploads\/2020\/07\/17082-2048x1367.jpg 2048w\" sizes=\"(max-width: 2560px) 100vw, 2560px\" \/>\n                <\/div>\n                <\/a>\n                <div class=\"elementskit-box-body ekit-image-box-body\">\n                    <div class=\"elementskit-box-content ekit-image-box-body-inner\">\n                                                <h3 class=\"elementskit-info-box-title\">\n\n                        Laboratoires De Recherche\n                        \n                    <\/h3>\n                                                        <\/div>\n\n                                <div class=\"elementskit-box-footer\">\n                    <div class=\"box-footer\">\n                        <div class=\"btn-wraper\">\n                                                            <a href=\"https:\/\/www.fs-umi.ac.ma\/index.php\/laboratoires-de-recherche\/\" class=\"elementskit-btn whitespace--normal\">\n                                    D\u00e9couvrez les Laboratoires De Recherche\n                                    <i aria-hidden=\"true\" class=\"hm hm-angle-right\"><\/i>\n                                <\/a>\n                                                        <\/div>\n                    <\/div>\n                <\/div>\n                            <\/div>\n            <\/div>\n    <\/div>\t\t\t\t<\/div>\n\t\t\t\t<\/div>\n\t\t\t\t\t<\/div>\n\t\t<\/div>\n\t\t\t\t\t<\/div>\n\t\t<\/section>\n\t\t\t\t\t<\/div>\n\t\t<\/div>\n\t\t\t\t\t<\/div>\n\t\t<\/section>\n\t\t\t\t<\/div>\n\t\t","protected":false},"excerpt":{"rendered":"<p>RECHERCHE SCIENTIFIQUE Centre D&#8217;\u00e9tudes Doctorales D\u00e9couvrez le Centre D&#039;\u00e9tudes Doctorales Centre Commun D\u2019analyse D\u00e9couvrez le Centre Commun D\u2019analyses Laboratoires De Recherche D\u00e9couvrez les Laboratoires De Recherche<\/p>\n","protected":false},"author":1,"featured_media":0,"parent":0,"menu_order":0,"comment_status":"closed","ping_status":"closed","template":"","meta":{"neve_meta_sidebar":"","neve_meta_container":"","neve_meta_enable_content_width":"","neve_meta_content_width":0,"neve_meta_title_alignment":"","neve_meta_author_avatar":"","neve_post_elements_order":"","neve_meta_disable_header":"","neve_meta_disable_footer":"","neve_meta_disable_title":"","footnotes":""},"class_list":["post-21","page","type-page","status-publish","hentry"],"yoast_head":"<!-- This site is optimized with the Yoast SEO plugin v27.3 - https:\/\/yoast.com\/product\/yoast-seo-wordpress\/ -->\n<title>Recherche scientifique - Facult\u00e9 des sciences de Mekn\u00e8s<\/title>\n<meta name=\"robots\" content=\"index, follow, max-snippet:-1, max-image-preview:large, max-video-preview:-1\" \/>\n<link rel=\"canonical\" href=\"https:\/\/www.fs-umi.ac.ma\/index.php\/recherche-scientifique\/\" \/>\n<meta property=\"og:locale\" content=\"fr_FR\" \/>\n<meta property=\"og:type\" content=\"article\" \/>\n<meta property=\"og:title\" content=\"Recherche scientifique - Facult\u00e9 des sciences de Mekn\u00e8s\" \/>\n<meta property=\"og:description\" content=\"RECHERCHE SCIENTIFIQUE Centre D&#8217;\u00e9tudes Doctorales D\u00e9couvrez le Centre D&#039;\u00e9tudes Doctorales Centre Commun D\u2019analyse D\u00e9couvrez le Centre Commun D\u2019analyses Laboratoires De Recherche D\u00e9couvrez les Laboratoires De Recherche\" \/>\n<meta property=\"og:url\" content=\"https:\/\/www.fs-umi.ac.ma\/index.php\/recherche-scientifique\/\" \/>\n<meta property=\"og:site_name\" content=\"Facult\u00e9 des sciences de Mekn\u00e8s\" \/>\n<meta property=\"article:modified_time\" content=\"2025-11-19T13:35:53+00:00\" \/>\n<meta property=\"og:image\" content=\"https:\/\/www.fs-umi.ac.ma\/wp-content\/uploads\/2020\/07\/21182-scaled.jpg\" \/>\n\t<meta property=\"og:image:width\" content=\"2560\" \/>\n\t<meta property=\"og:image:height\" content=\"1709\" \/>\n\t<meta property=\"og:image:type\" content=\"image\/jpeg\" \/>\n<meta name=\"twitter:card\" content=\"summary_large_image\" \/>\n<script type=\"application\/ld+json\" class=\"yoast-schema-graph\">{\"@context\":\"https:\\\/\\\/schema.org\",\"@graph\":[{\"@type\":\"WebPage\",\"@id\":\"https:\\\/\\\/www.fs-umi.ac.ma\\\/index.php\\\/recherche-scientifique\\\/\",\"url\":\"https:\\\/\\\/www.fs-umi.ac.ma\\\/index.php\\\/recherche-scientifique\\\/\",\"name\":\"Recherche scientifique - Facult\u00e9 des sciences de Mekn\u00e8s\",\"isPartOf\":{\"@id\":\"https:\\\/\\\/www.fs-umi.ac.ma\\\/#website\"},\"primaryImageOfPage\":{\"@id\":\"https:\\\/\\\/www.fs-umi.ac.ma\\\/index.php\\\/recherche-scientifique\\\/#primaryimage\"},\"image\":{\"@id\":\"https:\\\/\\\/www.fs-umi.ac.ma\\\/index.php\\\/recherche-scientifique\\\/#primaryimage\"},\"thumbnailUrl\":\"https:\\\/\\\/www.fs-umi.ac.ma\\\/wp-content\\\/uploads\\\/2020\\\/07\\\/21182-scaled.jpg\",\"datePublished\":\"2020-06-18T12:06:55+00:00\",\"dateModified\":\"2025-11-19T13:35:53+00:00\",\"breadcrumb\":{\"@id\":\"https:\\\/\\\/www.fs-umi.ac.ma\\\/index.php\\\/recherche-scientifique\\\/#breadcrumb\"},\"inLanguage\":\"fr-FR\",\"potentialAction\":[{\"@type\":\"ReadAction\",\"target\":[\"https:\\\/\\\/www.fs-umi.ac.ma\\\/index.php\\\/recherche-scientifique\\\/\"]}]},{\"@type\":\"ImageObject\",\"inLanguage\":\"fr-FR\",\"@id\":\"https:\\\/\\\/www.fs-umi.ac.ma\\\/index.php\\\/recherche-scientifique\\\/#primaryimage\",\"url\":\"https:\\\/\\\/www.fs-umi.ac.ma\\\/wp-content\\\/uploads\\\/2020\\\/07\\\/21182-scaled.jpg\",\"contentUrl\":\"https:\\\/\\\/www.fs-umi.ac.ma\\\/wp-content\\\/uploads\\\/2020\\\/07\\\/21182-scaled.jpg\",\"width\":2560,\"height\":1709,\"caption\":\"Scientist drawing chemical formulas and making calculations on tablet computer\"},{\"@type\":\"BreadcrumbList\",\"@id\":\"https:\\\/\\\/www.fs-umi.ac.ma\\\/index.php\\\/recherche-scientifique\\\/#breadcrumb\",\"itemListElement\":[{\"@type\":\"ListItem\",\"position\":1,\"name\":\"Accueil\",\"item\":\"https:\\\/\\\/www.fs-umi.ac.ma\\\/\"},{\"@type\":\"ListItem\",\"position\":2,\"name\":\"Recherche scientifique\"}]},{\"@type\":\"WebSite\",\"@id\":\"https:\\\/\\\/www.fs-umi.ac.ma\\\/#website\",\"url\":\"https:\\\/\\\/www.fs-umi.ac.ma\\\/\",\"name\":\"Facult\u00e9 des sciences de Mekn\u00e8s\",\"description\":\"Universit\u00e9 Moulay Ismail\",\"publisher\":{\"@id\":\"https:\\\/\\\/www.fs-umi.ac.ma\\\/#organization\"},\"potentialAction\":[{\"@type\":\"SearchAction\",\"target\":{\"@type\":\"EntryPoint\",\"urlTemplate\":\"https:\\\/\\\/www.fs-umi.ac.ma\\\/?s={search_term_string}\"},\"query-input\":{\"@type\":\"PropertyValueSpecification\",\"valueRequired\":true,\"valueName\":\"search_term_string\"}}],\"inLanguage\":\"fr-FR\"},{\"@type\":\"Organization\",\"@id\":\"https:\\\/\\\/www.fs-umi.ac.ma\\\/#organization\",\"name\":\"Facult\u00e9 des sciences de Mekn\u00e8s\",\"url\":\"https:\\\/\\\/www.fs-umi.ac.ma\\\/\",\"logo\":{\"@type\":\"ImageObject\",\"inLanguage\":\"fr-FR\",\"@id\":\"https:\\\/\\\/www.fs-umi.ac.ma\\\/#\\\/schema\\\/logo\\\/image\\\/\",\"url\":\"https:\\\/\\\/www.fs-umi.ac.ma\\\/wp-content\\\/uploads\\\/2020\\\/10\\\/logo-2.png\",\"contentUrl\":\"https:\\\/\\\/www.fs-umi.ac.ma\\\/wp-content\\\/uploads\\\/2020\\\/10\\\/logo-2.png\",\"width\":824,\"height\":307,\"caption\":\"Facult\u00e9 des sciences de Mekn\u00e8s\"},\"image\":{\"@id\":\"https:\\\/\\\/www.fs-umi.ac.ma\\\/#\\\/schema\\\/logo\\\/image\\\/\"}}]}<\/script>\n<!-- \/ Yoast SEO plugin. -->","yoast_head_json":{"title":"Recherche scientifique - Facult\u00e9 des sciences de Mekn\u00e8s","robots":{"index":"index","follow":"follow","max-snippet":"max-snippet:-1","max-image-preview":"max-image-preview:large","max-video-preview":"max-video-preview:-1"},"canonical":"https:\/\/www.fs-umi.ac.ma\/index.php\/recherche-scientifique\/","og_locale":"fr_FR","og_type":"article","og_title":"Recherche scientifique - Facult\u00e9 des sciences de Mekn\u00e8s","og_description":"RECHERCHE SCIENTIFIQUE Centre D&#8217;\u00e9tudes Doctorales D\u00e9couvrez le Centre D&#039;\u00e9tudes Doctorales Centre Commun D\u2019analyse D\u00e9couvrez le Centre Commun D\u2019analyses Laboratoires De Recherche D\u00e9couvrez les Laboratoires De Recherche","og_url":"https:\/\/www.fs-umi.ac.ma\/index.php\/recherche-scientifique\/","og_site_name":"Facult\u00e9 des sciences de Mekn\u00e8s","article_modified_time":"2025-11-19T13:35:53+00:00","og_image":[{"width":2560,"height":1709,"url":"https:\/\/www.fs-umi.ac.ma\/wp-content\/uploads\/2020\/07\/21182-scaled.jpg","type":"image\/jpeg"}],"twitter_card":"summary_large_image","schema":{"@context":"https:\/\/schema.org","@graph":[{"@type":"WebPage","@id":"https:\/\/www.fs-umi.ac.ma\/index.php\/recherche-scientifique\/","url":"https:\/\/www.fs-umi.ac.ma\/index.php\/recherche-scientifique\/","name":"Recherche scientifique - Facult\u00e9 des sciences de Mekn\u00e8s","isPartOf":{"@id":"https:\/\/www.fs-umi.ac.ma\/#website"},"primaryImageOfPage":{"@id":"https:\/\/www.fs-umi.ac.ma\/index.php\/recherche-scientifique\/#primaryimage"},"image":{"@id":"https:\/\/www.fs-umi.ac.ma\/index.php\/recherche-scientifique\/#primaryimage"},"thumbnailUrl":"https:\/\/www.fs-umi.ac.ma\/wp-content\/uploads\/2020\/07\/21182-scaled.jpg","datePublished":"2020-06-18T12:06:55+00:00","dateModified":"2025-11-19T13:35:53+00:00","breadcrumb":{"@id":"https:\/\/www.fs-umi.ac.ma\/index.php\/recherche-scientifique\/#breadcrumb"},"inLanguage":"fr-FR","potentialAction":[{"@type":"ReadAction","target":["https:\/\/www.fs-umi.ac.ma\/index.php\/recherche-scientifique\/"]}]},{"@type":"ImageObject","inLanguage":"fr-FR","@id":"https:\/\/www.fs-umi.ac.ma\/index.php\/recherche-scientifique\/#primaryimage","url":"https:\/\/www.fs-umi.ac.ma\/wp-content\/uploads\/2020\/07\/21182-scaled.jpg","contentUrl":"https:\/\/www.fs-umi.ac.ma\/wp-content\/uploads\/2020\/07\/21182-scaled.jpg","width":2560,"height":1709,"caption":"Scientist drawing chemical formulas and making calculations on tablet computer"},{"@type":"BreadcrumbList","@id":"https:\/\/www.fs-umi.ac.ma\/index.php\/recherche-scientifique\/#breadcrumb","itemListElement":[{"@type":"ListItem","position":1,"name":"Accueil","item":"https:\/\/www.fs-umi.ac.ma\/"},{"@type":"ListItem","position":2,"name":"Recherche scientifique"}]},{"@type":"WebSite","@id":"https:\/\/www.fs-umi.ac.ma\/#website","url":"https:\/\/www.fs-umi.ac.ma\/","name":"Facult\u00e9 des sciences de Mekn\u00e8s","description":"Universit\u00e9 Moulay Ismail","publisher":{"@id":"https:\/\/www.fs-umi.ac.ma\/#organization"},"potentialAction":[{"@type":"SearchAction","target":{"@type":"EntryPoint","urlTemplate":"https:\/\/www.fs-umi.ac.ma\/?s={search_term_string}"},"query-input":{"@type":"PropertyValueSpecification","valueRequired":true,"valueName":"search_term_string"}}],"inLanguage":"fr-FR"},{"@type":"Organization","@id":"https:\/\/www.fs-umi.ac.ma\/#organization","name":"Facult\u00e9 des sciences de Mekn\u00e8s","url":"https:\/\/www.fs-umi.ac.ma\/","logo":{"@type":"ImageObject","inLanguage":"fr-FR","@id":"https:\/\/www.fs-umi.ac.ma\/#\/schema\/logo\/image\/","url":"https:\/\/www.fs-umi.ac.ma\/wp-content\/uploads\/2020\/10\/logo-2.png","contentUrl":"https:\/\/www.fs-umi.ac.ma\/wp-content\/uploads\/2020\/10\/logo-2.png","width":824,"height":307,"caption":"Facult\u00e9 des sciences de Mekn\u00e8s"},"image":{"@id":"https:\/\/www.fs-umi.ac.ma\/#\/schema\/logo\/image\/"}}]}},"rttpg_featured_image_url":null,"rttpg_author":{"display_name":"FSM","author_link":"https:\/\/www.fs-umi.ac.ma\/index.php\/author\/fsm\/"},"rttpg_comment":0,"rttpg_category":null,"rttpg_excerpt":"RECHERCHE SCIENTIFIQUE Centre D&#8217;\u00e9tudes Doctorales D\u00e9couvrez le Centre D&#039;\u00e9tudes Doctorales Centre Commun D\u2019analyse D\u00e9couvrez le Centre Commun D\u2019analyses Laboratoires De Recherche D\u00e9couvrez les Laboratoires De Recherche","_links":{"self":[{"href":"https:\/\/www.fs-umi.ac.ma\/index.php\/wp-json\/wp\/v2\/pages\/21","targetHints":{"allow":["GET"]}}],"collection":[{"href":"https:\/\/www.fs-umi.ac.ma\/index.php\/wp-json\/wp\/v2\/pages"}],"about":[{"href":"https:\/\/www.fs-umi.ac.ma\/index.php\/wp-json\/wp\/v2\/types\/page"}],"author":[{"embeddable":true,"href":"https:\/\/www.fs-umi.ac.ma\/index.php\/wp-json\/wp\/v2\/users\/1"}],"replies":[{"embeddable":true,"href":"https:\/\/www.fs-umi.ac.ma\/index.php\/wp-json\/wp\/v2\/comments?post=21"}],"version-history":[{"count":34,"href":"https:\/\/www.fs-umi.ac.ma\/index.php\/wp-json\/wp\/v2\/pages\/21\/revisions"}],"predecessor-version":[{"id":11260,"href":"https:\/\/www.fs-umi.ac.ma\/index.php\/wp-json\/wp\/v2\/pages\/21\/revisions\/11260"}],"wp:attachment":[{"href":"https:\/\/www.fs-umi.ac.ma\/index.php\/wp-json\/wp\/v2\/media?parent=21"}],"curies":[{"name":"wp","href":"https:\/\/api.w.org\/{rel}","templated":true}]}}