{"id":510,"date":"2020-07-01T12:37:21","date_gmt":"2020-07-01T10:37:21","guid":{"rendered":"http:\/\/www.fs-umi.ac.ma\/wordpress\/?page_id=510"},"modified":"2025-06-04T12:11:50","modified_gmt":"2025-06-04T11:11:50","slug":"departement-de-mathematiques","status":"publish","type":"page","link":"https:\/\/www.fs-umi.ac.ma\/index.php\/departement-de-mathematiques\/","title":{"rendered":"D\u00e9partement de Math\u00e9matiques"},"content":{"rendered":"\t\t<div data-elementor-type=\"wp-page\" data-elementor-id=\"510\" class=\"elementor elementor-510\">\n\t\t\t\t\t\t<header class=\"elementor-section elementor-top-section elementor-element elementor-element-329cce1 elementor-section-full_width elementor-section-height-min-height elementor-section-items-bottom elementor-section-height-default elementor-invisible\" data-id=\"329cce1\" data-element_type=\"section\" data-e-type=\"section\" data-settings=\"{&quot;background_background&quot;:&quot;classic&quot;,&quot;animation&quot;:&quot;fadeIn&quot;,&quot;animation_delay&quot;:50}\">\n\t\t\t\t\t\t\t<div class=\"elementor-background-overlay\"><\/div>\n\t\t\t\t\t\t\t<div class=\"elementor-container elementor-column-gap-no\">\n\t\t\t\t\t<div class=\"elementor-column elementor-col-100 elementor-top-column elementor-element elementor-element-893661e\" data-id=\"893661e\" data-element_type=\"column\" data-e-type=\"column\">\n\t\t\t<div class=\"elementor-widget-wrap elementor-element-populated\">\n\t\t\t\t\t\t<section class=\"elementor-section elementor-inner-section elementor-element elementor-element-f7da849 elementor-section-content-bottom elementor-section-boxed elementor-section-height-default elementor-section-height-default\" data-id=\"f7da849\" data-element_type=\"section\" data-e-type=\"section\">\n\t\t\t\t\t\t<div class=\"elementor-container elementor-column-gap-default\">\n\t\t\t\t\t<div class=\"elementor-column elementor-col-100 elementor-inner-column elementor-element elementor-element-ef86452\" data-id=\"ef86452\" data-element_type=\"column\" data-e-type=\"column\">\n\t\t\t<div class=\"elementor-widget-wrap elementor-element-populated\">\n\t\t\t\t\t\t<div class=\"elementor-element elementor-element-aabb076 animated-slow elementor-widget elementor-widget-heading\" data-id=\"aabb076\" data-element_type=\"widget\" data-e-type=\"widget\" data-settings=\"{&quot;_animation&quot;:&quot;none&quot;}\" data-widget_type=\"heading.default\">\n\t\t\t\t<div class=\"elementor-widget-container\">\n\t\t\t\t\t<h6 class=\"elementor-heading-title elementor-size-default\">D\u00e9partement de math\u00e9matiques<\/h6>\t\t\t\t<\/div>\n\t\t\t\t<\/div>\n\t\t\t\t\t<\/div>\n\t\t<\/div>\n\t\t\t\t\t<\/div>\n\t\t<\/section>\n\t\t\t\t\t<\/div>\n\t\t<\/div>\n\t\t\t\t\t<\/div>\n\t\t<\/header>\n\t\t\t\t<section class=\"elementor-section elementor-top-section elementor-element elementor-element-7c027d2 elementor-section-boxed elementor-section-height-default elementor-section-height-default elementor-invisible\" data-id=\"7c027d2\" data-element_type=\"section\" data-e-type=\"section\" data-settings=\"{&quot;animation&quot;:&quot;fadeIn&quot;}\">\n\t\t\t\t\t\t<div class=\"elementor-container elementor-column-gap-default\">\n\t\t\t\t\t<div class=\"elementor-column elementor-col-66 elementor-top-column elementor-element elementor-element-25189ca\" data-id=\"25189ca\" data-element_type=\"column\" data-e-type=\"column\">\n\t\t\t<div class=\"elementor-widget-wrap elementor-element-populated\">\n\t\t\t\t\t\t<div class=\"elementor-element elementor-element-10a39c9 elementor-invisible elementor-widget elementor-widget-text-editor\" data-id=\"10a39c9\" data-element_type=\"widget\" data-e-type=\"widget\" data-settings=\"{&quot;_animation&quot;:&quot;fadeIn&quot;}\" data-widget_type=\"text-editor.default\">\n\t\t\t\t<div class=\"elementor-widget-container\">\n\t\t\t\t\t\t\t\t\t<p><a href=\"https:\/\/www.fs-umi.ac.ma\/wp-content\/uploads\/2020\/09\/506-scaled.jpg\"><img fetchpriority=\"high\" decoding=\"async\" class=\"wp-image-813 size-full alignleft\" src=\"https:\/\/www.fs-umi.ac.ma\/wp-content\/uploads\/2020\/09\/506-scaled.jpg\" alt=\"\" width=\"300\" height=\"200\" srcset=\"https:\/\/www.fs-umi.ac.ma\/wp-content\/uploads\/2020\/09\/506-scaled.jpg 2560w, https:\/\/www.fs-umi.ac.ma\/wp-content\/uploads\/2020\/09\/506-300x200.jpg 300w, https:\/\/www.fs-umi.ac.ma\/wp-content\/uploads\/2020\/09\/506-1024x681.jpg 1024w, https:\/\/www.fs-umi.ac.ma\/wp-content\/uploads\/2020\/09\/506-768x511.jpg 768w, https:\/\/www.fs-umi.ac.ma\/wp-content\/uploads\/2020\/09\/506-391x260.jpg 391w, https:\/\/www.fs-umi.ac.ma\/wp-content\/uploads\/2020\/09\/506-1536x1022.jpg 1536w, https:\/\/www.fs-umi.ac.ma\/wp-content\/uploads\/2020\/09\/506-2048x1363.jpg 2048w\" sizes=\"(max-width: 300px) 100vw, 300px\" \/><\/a> Educational concept background with mathematical formulas and pencils.<\/p><p>Les math\u00e9matiques jouent un r\u00f4le central dans notre vie quotidienne, en particulier dans les domaines de la science et de la technologie, et m\u00eame en sciences \u00e9conomiques et sociales.\u00a0 Malgr\u00e9 leur force d\u2019abstraction, les math\u00e9matiques ont prouv\u00e9 durant toute l\u2019histoire leur adaptation extraordinaire avec toutes les autres disciplines, \u00e0 commencer par la physique qui a motiv\u00e9 l\u2019essor de plusieurs domaines de recherche en math\u00e9matiques.<\/p>\t\t\t\t\t\t\t\t<\/div>\n\t\t\t\t<\/div>\n\t\t\t\t\t<\/div>\n\t\t<\/div>\n\t\t\t\t<div class=\"elementor-column elementor-col-33 elementor-top-column elementor-element elementor-element-1b36a25\" data-id=\"1b36a25\" data-element_type=\"column\" data-e-type=\"column\" data-settings=\"{&quot;background_background&quot;:&quot;classic&quot;}\">\n\t\t\t<div class=\"elementor-widget-wrap elementor-element-populated\">\n\t\t\t\t\t\t<div class=\"elementor-element elementor-element-7f9486e animated-slow elementor-widget elementor-widget-heading\" data-id=\"7f9486e\" data-element_type=\"widget\" data-e-type=\"widget\" data-settings=\"{&quot;_animation&quot;:&quot;none&quot;}\" data-widget_type=\"heading.default\">\n\t\t\t\t<div class=\"elementor-widget-container\">\n\t\t\t\t\t<h6 class=\"elementor-heading-title elementor-size-default\">Contact<\/h6>\t\t\t\t<\/div>\n\t\t\t\t<\/div>\n\t\t\t\t<div class=\"elementor-element elementor-element-a42f7d8 elementor-icon-list--layout-traditional elementor-list-item-link-full_width elementor-widget elementor-widget-icon-list\" data-id=\"a42f7d8\" data-element_type=\"widget\" data-e-type=\"widget\" data-widget_type=\"icon-list.default\">\n\t\t\t\t<div class=\"elementor-widget-container\">\n\t\t\t\t\t\t\t<ul class=\"elementor-icon-list-items\">\n\t\t\t\t\t\t\t<li class=\"elementor-icon-list-item\">\n\t\t\t\t\t\t\t\t\t\t\t<span class=\"elementor-icon-list-icon\">\n\t\t\t\t\t\t\t<i aria-hidden=\"true\" class=\"fas fa-map-marker-alt\"><\/i>\t\t\t\t\t\t<\/span>\n\t\t\t\t\t\t\t\t\t\t<span class=\"elementor-icon-list-text\">D\u00e9partement de Math\u00e9matiques, B.P. 11201 Zitoune Mekn\u00e8s, Maroc<\/span>\n\t\t\t\t\t\t\t\t\t<\/li>\n\t\t\t\t\t\t\t\t<li class=\"elementor-icon-list-item\">\n\t\t\t\t\t\t\t\t\t\t\t<span class=\"elementor-icon-list-icon\">\n\t\t\t\t\t\t\t<i aria-hidden=\"true\" class=\"fas fa-phone\"><\/i>\t\t\t\t\t\t<\/span>\n\t\t\t\t\t\t\t\t\t\t<span class=\"elementor-icon-list-text\">+212 5 35 43 94 82<\/span>\n\t\t\t\t\t\t\t\t\t<\/li>\n\t\t\t\t\t\t\t\t<li class=\"elementor-icon-list-item\">\n\t\t\t\t\t\t\t\t\t\t\t<span class=\"elementor-icon-list-icon\">\n\t\t\t\t\t\t\t<i aria-hidden=\"true\" class=\"fas fa-fax\"><\/i>\t\t\t\t\t\t<\/span>\n\t\t\t\t\t\t\t\t\t\t<span class=\"elementor-icon-list-text\">+212 5 35 53 68 08<\/span>\n\t\t\t\t\t\t\t\t\t<\/li>\n\t\t\t\t\t\t\t\t<li class=\"elementor-icon-list-item\">\n\t\t\t\t\t\t\t\t\t\t\t<a href=\"mailto:fs-contact@umi.ac.ma\">\n\n\t\t\t\t\t\t\t\t\t\t\t\t<span class=\"elementor-icon-list-icon\">\n\t\t\t\t\t\t\t<i aria-hidden=\"true\" class=\"fas fa-envelope\"><\/i>\t\t\t\t\t\t<\/span>\n\t\t\t\t\t\t\t\t\t\t<span class=\"elementor-icon-list-text\">fs-contact@umi.ac.ma<\/span>\n\t\t\t\t\t\t\t\t\t\t\t<\/a>\n\t\t\t\t\t\t\t\t\t<\/li>\n\t\t\t\t\t\t<\/ul>\n\t\t\t\t\t\t<\/div>\n\t\t\t\t<\/div>\n\t\t\t\t\t<\/div>\n\t\t<\/div>\n\t\t\t\t\t<\/div>\n\t\t<\/section>\n\t\t\t\t<section class=\"elementor-section elementor-top-section elementor-element elementor-element-d983da5 elementor-section-boxed elementor-section-height-default elementor-section-height-default elementor-invisible\" data-id=\"d983da5\" data-element_type=\"section\" data-e-type=\"section\" data-settings=\"{&quot;animation&quot;:&quot;fadeIn&quot;}\">\n\t\t\t\t\t\t<div class=\"elementor-container elementor-column-gap-default\">\n\t\t\t\t\t<div class=\"elementor-column elementor-col-66 elementor-top-column elementor-element elementor-element-8921877\" data-id=\"8921877\" data-element_type=\"column\" data-e-type=\"column\">\n\t\t\t<div class=\"elementor-widget-wrap elementor-element-populated\">\n\t\t\t\t\t\t<div class=\"elementor-element elementor-element-fd81e15 animated-slow elementor-widget elementor-widget-heading\" data-id=\"fd81e15\" data-element_type=\"widget\" data-e-type=\"widget\" data-settings=\"{&quot;_animation&quot;:&quot;none&quot;}\" data-widget_type=\"heading.default\">\n\t\t\t\t<div class=\"elementor-widget-container\">\n\t\t\t\t\t<h6 class=\"elementor-heading-title elementor-size-default\">Pr\u00e9sentation<\/h6>\t\t\t\t<\/div>\n\t\t\t\t<\/div>\n\t\t\t\t<div class=\"elementor-element elementor-element-631bac2 elementor-widget-divider--view-line elementor-invisible elementor-widget elementor-widget-divider\" data-id=\"631bac2\" data-element_type=\"widget\" data-e-type=\"widget\" data-settings=\"{&quot;_animation&quot;:&quot;fadeInUp&quot;}\" data-widget_type=\"divider.default\">\n\t\t\t\t<div class=\"elementor-widget-container\">\n\t\t\t\t\t\t\t<div class=\"elementor-divider\">\n\t\t\t<span class=\"elementor-divider-separator\">\n\t\t\t\t\t\t<\/span>\n\t\t<\/div>\n\t\t\t\t\t\t<\/div>\n\t\t\t\t<\/div>\n\t\t\t\t<div class=\"elementor-element elementor-element-63805bf elementor-invisible elementor-widget elementor-widget-text-editor\" data-id=\"63805bf\" data-element_type=\"widget\" data-e-type=\"widget\" data-settings=\"{&quot;_animation&quot;:&quot;fadeIn&quot;}\" data-widget_type=\"text-editor.default\">\n\t\t\t\t<div class=\"elementor-widget-container\">\n\t\t\t\t\t\t\t\t\t<p>Le d\u00e9partement de math\u00e9matiques est l\u2019un des six d\u00e9partements de la facult\u00e9 des sciences de Mekn\u00e8s. Il d\u00e9livre des formations au niveau des licences, des Masters et du cycle doctoral. La fili\u00e8re \u00ab\u00a0Sciences math\u00e9matiques et applications\u00a0\u00bb est h\u00e9berg\u00e9e au sein du d\u00e9partement. La formation est sanctionn\u00e9e par un dipl\u00f4me de licence en sciences math\u00e9matiques, option math\u00e9matiques fondamentales ou appliqu\u00e9es. Le d\u00e9partement participe activement \u00e0 la quasi-totalit\u00e9 des formations d\u00e9livr\u00e9es par l\u2019\u00e9tablissement.<\/p>\t\t\t\t\t\t\t\t<\/div>\n\t\t\t\t<\/div>\n\t\t\t\t\t<\/div>\n\t\t<\/div>\n\t\t\t\t<div class=\"elementor-column elementor-col-33 elementor-top-column elementor-element elementor-element-abbbb55\" data-id=\"abbbb55\" data-element_type=\"column\" data-e-type=\"column\" data-settings=\"{&quot;background_background&quot;:&quot;classic&quot;}\">\n\t\t\t<div class=\"elementor-widget-wrap elementor-element-populated\">\n\t\t\t\t\t\t<div class=\"elementor-element elementor-element-3d6f41e animated-slow elementor-widget elementor-widget-heading\" data-id=\"3d6f41e\" data-element_type=\"widget\" data-e-type=\"widget\" data-settings=\"{&quot;_animation&quot;:&quot;none&quot;}\" data-widget_type=\"heading.default\">\n\t\t\t\t<div class=\"elementor-widget-container\">\n\t\t\t\t\t<h6 class=\"elementor-heading-title elementor-size-default\">Chef de d\u00e9partement<\/h6>\t\t\t\t<\/div>\n\t\t\t\t<\/div>\n\t\t\t\t<div class=\"elementor-element elementor-element-3e1ce91 elementor-widget elementor-widget-heading\" data-id=\"3e1ce91\" data-element_type=\"widget\" data-e-type=\"widget\" data-widget_type=\"heading.default\">\n\t\t\t\t<div class=\"elementor-widget-container\">\n\t\t\t\t\t<h5 class=\"elementor-heading-title elementor-size-default\">Pr. Mohamed RHOUDAF <\/h5>\t\t\t\t<\/div>\n\t\t\t\t<\/div>\n\t\t\t\t<div class=\"elementor-element elementor-element-1eaddb5 elementor-icon-list--layout-traditional elementor-list-item-link-full_width elementor-widget elementor-widget-icon-list\" data-id=\"1eaddb5\" data-element_type=\"widget\" data-e-type=\"widget\" data-widget_type=\"icon-list.default\">\n\t\t\t\t<div class=\"elementor-widget-container\">\n\t\t\t\t\t\t\t<ul class=\"elementor-icon-list-items\">\n\t\t\t\t\t\t\t<li class=\"elementor-icon-list-item\">\n\t\t\t\t\t\t\t\t\t\t\t<a href=\"mailto:e.elfaleh@umi.ac.ma\">\n\n\t\t\t\t\t\t\t\t\t\t\t\t<span class=\"elementor-icon-list-icon\">\n\t\t\t\t\t\t\t<i aria-hidden=\"true\" class=\"fas fa-envelope\"><\/i>\t\t\t\t\t\t<\/span>\n\t\t\t\t\t\t\t\t\t\t<span class=\"elementor-icon-list-text\">m.rhoudaf@umi.ac.ma<\/span>\n\t\t\t\t\t\t\t\t\t\t\t<\/a>\n\t\t\t\t\t\t\t\t\t<\/li>\n\t\t\t\t\t\t<\/ul>\n\t\t\t\t\t\t<\/div>\n\t\t\t\t<\/div>\n\t\t\t\t\t<\/div>\n\t\t<\/div>\n\t\t\t\t\t<\/div>\n\t\t<\/section>\n\t\t\t\t<section class=\"elementor-section elementor-top-section elementor-element elementor-element-26b6919 elementor-section-boxed elementor-section-height-default elementor-section-height-default elementor-invisible\" data-id=\"26b6919\" data-element_type=\"section\" data-e-type=\"section\" data-settings=\"{&quot;animation&quot;:&quot;fadeIn&quot;}\">\n\t\t\t\t\t\t<div class=\"elementor-container elementor-column-gap-default\">\n\t\t\t\t\t<div class=\"elementor-column elementor-col-66 elementor-top-column elementor-element elementor-element-6fa8152\" data-id=\"6fa8152\" data-element_type=\"column\" data-e-type=\"column\">\n\t\t\t<div class=\"elementor-widget-wrap elementor-element-populated\">\n\t\t\t\t\t\t<div class=\"elementor-element elementor-element-ba68a7e elementor-invisible elementor-widget elementor-widget-text-editor\" data-id=\"ba68a7e\" data-element_type=\"widget\" data-e-type=\"widget\" data-settings=\"{&quot;_animation&quot;:&quot;fadeIn&quot;}\" data-widget_type=\"text-editor.default\">\n\t\t\t\t<div class=\"elementor-widget-container\">\n\t\t\t\t\t\t\t\t\t<p>Au niveau des masters, le d\u00e9partement propose g\u00e9n\u00e9ralement deux formations, l\u2019une en math\u00e9matiques fondamentales et l\u2019autre en math\u00e9matiques appliqu\u00e9es. Les contenus des formations varient \u00a0selon le choix des \u00e9quipes p\u00e9dagogiques qui tiennent compte des avanc\u00e9es r\u00e9centes. La majorit\u00e9 des dipl\u00f4m\u00e9s de ces masters int\u00e8grent l\u2019un des laboratoires du d\u00e9partement pour pr\u00e9parer une th\u00e8se en math\u00e9matiques.<\/p>\t\t\t\t\t\t\t\t<\/div>\n\t\t\t\t<\/div>\n\t\t\t\t\t<\/div>\n\t\t<\/div>\n\t\t\t\t<div class=\"elementor-column elementor-col-33 elementor-top-column elementor-element elementor-element-74f4e34\" data-id=\"74f4e34\" data-element_type=\"column\" data-e-type=\"column\" data-settings=\"{&quot;background_background&quot;:&quot;classic&quot;}\">\n\t\t\t<div class=\"elementor-widget-wrap\">\n\t\t\t\t\t\t\t<\/div>\n\t\t<\/div>\n\t\t\t\t\t<\/div>\n\t\t<\/section>\n\t\t\t\t<\/div>\n\t\t","protected":false},"excerpt":{"rendered":"<p>D\u00e9partement de math\u00e9matiques Educational concept background with mathematical formulas and pencils. Les math\u00e9matiques jouent un r\u00f4le central dans notre vie quotidienne, en particulier dans les domaines de la science et de la technologie, et m\u00eame en sciences \u00e9conomiques et sociales.\u00a0 Malgr\u00e9 leur force d\u2019abstraction, les math\u00e9matiques ont prouv\u00e9 durant toute l\u2019histoire leur adaptation extraordinaire avec&hellip;&nbsp;<\/p>\n","protected":false},"author":1,"featured_media":0,"parent":0,"menu_order":0,"comment_status":"closed","ping_status":"closed","template":"","meta":{"neve_meta_sidebar":"","neve_meta_container":"","neve_meta_enable_content_width":"","neve_meta_content_width":0,"neve_meta_title_alignment":"","neve_meta_author_avatar":"","neve_post_elements_order":"","neve_meta_disable_header":"","neve_meta_disable_footer":"","neve_meta_disable_title":"","footnotes":""},"class_list":["post-510","page","type-page","status-publish","hentry"],"yoast_head":"<!-- This site is optimized with the Yoast SEO plugin v27.4 - https:\/\/yoast.com\/product\/yoast-seo-wordpress\/ -->\n<title>D\u00e9partement de Math\u00e9matiques - Facult\u00e9 des sciences de Mekn\u00e8s<\/title>\n<meta name=\"robots\" content=\"index, follow, max-snippet:-1, max-image-preview:large, max-video-preview:-1\" \/>\n<link rel=\"canonical\" href=\"https:\/\/www.fs-umi.ac.ma\/index.php\/departement-de-mathematiques\/\" \/>\n<meta property=\"og:locale\" content=\"fr_FR\" \/>\n<meta property=\"og:type\" content=\"article\" \/>\n<meta property=\"og:title\" content=\"D\u00e9partement de Math\u00e9matiques - Facult\u00e9 des sciences de Mekn\u00e8s\" \/>\n<meta property=\"og:description\" content=\"D\u00e9partement de math\u00e9matiques Educational concept background with mathematical formulas and pencils. Les math\u00e9matiques jouent un r\u00f4le central dans notre vie quotidienne, en particulier dans les domaines de la science et de la technologie, et m\u00eame en sciences \u00e9conomiques et sociales.\u00a0 Malgr\u00e9 leur force d\u2019abstraction, les math\u00e9matiques ont prouv\u00e9 durant toute l\u2019histoire leur adaptation extraordinaire avec&hellip;&nbsp;\" \/>\n<meta property=\"og:url\" content=\"https:\/\/www.fs-umi.ac.ma\/index.php\/departement-de-mathematiques\/\" \/>\n<meta property=\"og:site_name\" content=\"Facult\u00e9 des sciences de Mekn\u00e8s\" \/>\n<meta property=\"article:modified_time\" content=\"2025-06-04T11:11:50+00:00\" \/>\n<meta property=\"og:image\" content=\"https:\/\/www.fs-umi.ac.ma\/wp-content\/uploads\/2020\/09\/506-scaled.jpg\" \/>\n\t<meta property=\"og:image:width\" content=\"2560\" \/>\n\t<meta property=\"og:image:height\" content=\"1704\" \/>\n\t<meta property=\"og:image:type\" content=\"image\/jpeg\" \/>\n<meta name=\"twitter:card\" content=\"summary_large_image\" \/>\n<meta name=\"twitter:label1\" content=\"Dur\u00e9e de lecture estim\u00e9e\" \/>\n\t<meta name=\"twitter:data1\" content=\"1 minute\" \/>\n<script type=\"application\/ld+json\" class=\"yoast-schema-graph\">{\"@context\":\"https:\\\/\\\/schema.org\",\"@graph\":[{\"@type\":\"WebPage\",\"@id\":\"https:\\\/\\\/www.fs-umi.ac.ma\\\/index.php\\\/departement-de-mathematiques\\\/\",\"url\":\"https:\\\/\\\/www.fs-umi.ac.ma\\\/index.php\\\/departement-de-mathematiques\\\/\",\"name\":\"D\u00e9partement de Math\u00e9matiques - Facult\u00e9 des sciences de Mekn\u00e8s\",\"isPartOf\":{\"@id\":\"https:\\\/\\\/www.fs-umi.ac.ma\\\/#website\"},\"primaryImageOfPage\":{\"@id\":\"https:\\\/\\\/www.fs-umi.ac.ma\\\/index.php\\\/departement-de-mathematiques\\\/#primaryimage\"},\"image\":{\"@id\":\"https:\\\/\\\/www.fs-umi.ac.ma\\\/index.php\\\/departement-de-mathematiques\\\/#primaryimage\"},\"thumbnailUrl\":\"https:\\\/\\\/www.fs-umi.ac.ma\\\/wp-content\\\/uploads\\\/2020\\\/09\\\/506-scaled.jpg\",\"datePublished\":\"2020-07-01T10:37:21+00:00\",\"dateModified\":\"2025-06-04T11:11:50+00:00\",\"breadcrumb\":{\"@id\":\"https:\\\/\\\/www.fs-umi.ac.ma\\\/index.php\\\/departement-de-mathematiques\\\/#breadcrumb\"},\"inLanguage\":\"fr-FR\",\"potentialAction\":[{\"@type\":\"ReadAction\",\"target\":[\"https:\\\/\\\/www.fs-umi.ac.ma\\\/index.php\\\/departement-de-mathematiques\\\/\"]}]},{\"@type\":\"ImageObject\",\"inLanguage\":\"fr-FR\",\"@id\":\"https:\\\/\\\/www.fs-umi.ac.ma\\\/index.php\\\/departement-de-mathematiques\\\/#primaryimage\",\"url\":\"https:\\\/\\\/www.fs-umi.ac.ma\\\/wp-content\\\/uploads\\\/2020\\\/09\\\/506-scaled.jpg\",\"contentUrl\":\"https:\\\/\\\/www.fs-umi.ac.ma\\\/wp-content\\\/uploads\\\/2020\\\/09\\\/506-scaled.jpg\"},{\"@type\":\"BreadcrumbList\",\"@id\":\"https:\\\/\\\/www.fs-umi.ac.ma\\\/index.php\\\/departement-de-mathematiques\\\/#breadcrumb\",\"itemListElement\":[{\"@type\":\"ListItem\",\"position\":1,\"name\":\"Accueil\",\"item\":\"https:\\\/\\\/www.fs-umi.ac.ma\\\/\"},{\"@type\":\"ListItem\",\"position\":2,\"name\":\"D\u00e9partement de Math\u00e9matiques\"}]},{\"@type\":\"WebSite\",\"@id\":\"https:\\\/\\\/www.fs-umi.ac.ma\\\/#website\",\"url\":\"https:\\\/\\\/www.fs-umi.ac.ma\\\/\",\"name\":\"Facult\u00e9 des sciences de Mekn\u00e8s\",\"description\":\"Universit\u00e9 Moulay Ismail\",\"publisher\":{\"@id\":\"https:\\\/\\\/www.fs-umi.ac.ma\\\/#organization\"},\"potentialAction\":[{\"@type\":\"SearchAction\",\"target\":{\"@type\":\"EntryPoint\",\"urlTemplate\":\"https:\\\/\\\/www.fs-umi.ac.ma\\\/?s={search_term_string}\"},\"query-input\":{\"@type\":\"PropertyValueSpecification\",\"valueRequired\":true,\"valueName\":\"search_term_string\"}}],\"inLanguage\":\"fr-FR\"},{\"@type\":\"Organization\",\"@id\":\"https:\\\/\\\/www.fs-umi.ac.ma\\\/#organization\",\"name\":\"Facult\u00e9 des sciences de Mekn\u00e8s\",\"url\":\"https:\\\/\\\/www.fs-umi.ac.ma\\\/\",\"logo\":{\"@type\":\"ImageObject\",\"inLanguage\":\"fr-FR\",\"@id\":\"https:\\\/\\\/www.fs-umi.ac.ma\\\/#\\\/schema\\\/logo\\\/image\\\/\",\"url\":\"https:\\\/\\\/www.fs-umi.ac.ma\\\/wp-content\\\/uploads\\\/2020\\\/10\\\/logo-2.png\",\"contentUrl\":\"https:\\\/\\\/www.fs-umi.ac.ma\\\/wp-content\\\/uploads\\\/2020\\\/10\\\/logo-2.png\",\"width\":824,\"height\":307,\"caption\":\"Facult\u00e9 des sciences de Mekn\u00e8s\"},\"image\":{\"@id\":\"https:\\\/\\\/www.fs-umi.ac.ma\\\/#\\\/schema\\\/logo\\\/image\\\/\"}}]}<\/script>\n<!-- \/ Yoast SEO plugin. -->","yoast_head_json":{"title":"D\u00e9partement de Math\u00e9matiques - Facult\u00e9 des sciences de Mekn\u00e8s","robots":{"index":"index","follow":"follow","max-snippet":"max-snippet:-1","max-image-preview":"max-image-preview:large","max-video-preview":"max-video-preview:-1"},"canonical":"https:\/\/www.fs-umi.ac.ma\/index.php\/departement-de-mathematiques\/","og_locale":"fr_FR","og_type":"article","og_title":"D\u00e9partement de Math\u00e9matiques - Facult\u00e9 des sciences de Mekn\u00e8s","og_description":"D\u00e9partement de math\u00e9matiques Educational concept background with mathematical formulas and pencils. Les math\u00e9matiques jouent un r\u00f4le central dans notre vie quotidienne, en particulier dans les domaines de la science et de la technologie, et m\u00eame en sciences \u00e9conomiques et sociales.\u00a0 Malgr\u00e9 leur force d\u2019abstraction, les math\u00e9matiques ont prouv\u00e9 durant toute l\u2019histoire leur adaptation extraordinaire avec&hellip;&nbsp;","og_url":"https:\/\/www.fs-umi.ac.ma\/index.php\/departement-de-mathematiques\/","og_site_name":"Facult\u00e9 des sciences de Mekn\u00e8s","article_modified_time":"2025-06-04T11:11:50+00:00","og_image":[{"width":2560,"height":1704,"url":"https:\/\/www.fs-umi.ac.ma\/wp-content\/uploads\/2020\/09\/506-scaled.jpg","type":"image\/jpeg"}],"twitter_card":"summary_large_image","twitter_misc":{"Dur\u00e9e de lecture estim\u00e9e":"1 minute"},"schema":{"@context":"https:\/\/schema.org","@graph":[{"@type":"WebPage","@id":"https:\/\/www.fs-umi.ac.ma\/index.php\/departement-de-mathematiques\/","url":"https:\/\/www.fs-umi.ac.ma\/index.php\/departement-de-mathematiques\/","name":"D\u00e9partement de Math\u00e9matiques - Facult\u00e9 des sciences de Mekn\u00e8s","isPartOf":{"@id":"https:\/\/www.fs-umi.ac.ma\/#website"},"primaryImageOfPage":{"@id":"https:\/\/www.fs-umi.ac.ma\/index.php\/departement-de-mathematiques\/#primaryimage"},"image":{"@id":"https:\/\/www.fs-umi.ac.ma\/index.php\/departement-de-mathematiques\/#primaryimage"},"thumbnailUrl":"https:\/\/www.fs-umi.ac.ma\/wp-content\/uploads\/2020\/09\/506-scaled.jpg","datePublished":"2020-07-01T10:37:21+00:00","dateModified":"2025-06-04T11:11:50+00:00","breadcrumb":{"@id":"https:\/\/www.fs-umi.ac.ma\/index.php\/departement-de-mathematiques\/#breadcrumb"},"inLanguage":"fr-FR","potentialAction":[{"@type":"ReadAction","target":["https:\/\/www.fs-umi.ac.ma\/index.php\/departement-de-mathematiques\/"]}]},{"@type":"ImageObject","inLanguage":"fr-FR","@id":"https:\/\/www.fs-umi.ac.ma\/index.php\/departement-de-mathematiques\/#primaryimage","url":"https:\/\/www.fs-umi.ac.ma\/wp-content\/uploads\/2020\/09\/506-scaled.jpg","contentUrl":"https:\/\/www.fs-umi.ac.ma\/wp-content\/uploads\/2020\/09\/506-scaled.jpg"},{"@type":"BreadcrumbList","@id":"https:\/\/www.fs-umi.ac.ma\/index.php\/departement-de-mathematiques\/#breadcrumb","itemListElement":[{"@type":"ListItem","position":1,"name":"Accueil","item":"https:\/\/www.fs-umi.ac.ma\/"},{"@type":"ListItem","position":2,"name":"D\u00e9partement de Math\u00e9matiques"}]},{"@type":"WebSite","@id":"https:\/\/www.fs-umi.ac.ma\/#website","url":"https:\/\/www.fs-umi.ac.ma\/","name":"Facult\u00e9 des sciences de Mekn\u00e8s","description":"Universit\u00e9 Moulay Ismail","publisher":{"@id":"https:\/\/www.fs-umi.ac.ma\/#organization"},"potentialAction":[{"@type":"SearchAction","target":{"@type":"EntryPoint","urlTemplate":"https:\/\/www.fs-umi.ac.ma\/?s={search_term_string}"},"query-input":{"@type":"PropertyValueSpecification","valueRequired":true,"valueName":"search_term_string"}}],"inLanguage":"fr-FR"},{"@type":"Organization","@id":"https:\/\/www.fs-umi.ac.ma\/#organization","name":"Facult\u00e9 des sciences de Mekn\u00e8s","url":"https:\/\/www.fs-umi.ac.ma\/","logo":{"@type":"ImageObject","inLanguage":"fr-FR","@id":"https:\/\/www.fs-umi.ac.ma\/#\/schema\/logo\/image\/","url":"https:\/\/www.fs-umi.ac.ma\/wp-content\/uploads\/2020\/10\/logo-2.png","contentUrl":"https:\/\/www.fs-umi.ac.ma\/wp-content\/uploads\/2020\/10\/logo-2.png","width":824,"height":307,"caption":"Facult\u00e9 des sciences de Mekn\u00e8s"},"image":{"@id":"https:\/\/www.fs-umi.ac.ma\/#\/schema\/logo\/image\/"}}]}},"rttpg_featured_image_url":null,"rttpg_author":{"display_name":"FSM","author_link":"https:\/\/www.fs-umi.ac.ma\/index.php\/author\/fsm\/"},"rttpg_comment":0,"rttpg_category":null,"rttpg_excerpt":"D\u00e9partement de math\u00e9matiques Educational concept background with mathematical formulas and pencils. Les math\u00e9matiques jouent un r\u00f4le central dans notre vie quotidienne, en particulier dans les domaines de la science et de la technologie, et m\u00eame en sciences \u00e9conomiques et sociales.\u00a0 Malgr\u00e9 leur force d\u2019abstraction, les math\u00e9matiques ont prouv\u00e9 durant toute l\u2019histoire leur adaptation extraordinaire avec&hellip;&nbsp;","_links":{"self":[{"href":"https:\/\/www.fs-umi.ac.ma\/index.php\/wp-json\/wp\/v2\/pages\/510","targetHints":{"allow":["GET"]}}],"collection":[{"href":"https:\/\/www.fs-umi.ac.ma\/index.php\/wp-json\/wp\/v2\/pages"}],"about":[{"href":"https:\/\/www.fs-umi.ac.ma\/index.php\/wp-json\/wp\/v2\/types\/page"}],"author":[{"embeddable":true,"href":"https:\/\/www.fs-umi.ac.ma\/index.php\/wp-json\/wp\/v2\/users\/1"}],"replies":[{"embeddable":true,"href":"https:\/\/www.fs-umi.ac.ma\/index.php\/wp-json\/wp\/v2\/comments?post=510"}],"version-history":[{"count":24,"href":"https:\/\/www.fs-umi.ac.ma\/index.php\/wp-json\/wp\/v2\/pages\/510\/revisions"}],"predecessor-version":[{"id":11532,"href":"https:\/\/www.fs-umi.ac.ma\/index.php\/wp-json\/wp\/v2\/pages\/510\/revisions\/11532"}],"wp:attachment":[{"href":"https:\/\/www.fs-umi.ac.ma\/index.php\/wp-json\/wp\/v2\/media?parent=510"}],"curies":[{"name":"wp","href":"https:\/\/api.w.org\/{rel}","templated":true}]}}