{"id":59,"date":"2020-06-18T14:12:12","date_gmt":"2020-06-18T12:12:12","guid":{"rendered":"http:\/\/www.fs-umi.ac.ma\/wordpress\/?page_id=59"},"modified":"2025-10-28T11:07:48","modified_gmt":"2025-10-28T10:07:48","slug":"formation-initiale","status":"publish","type":"page","link":"https:\/\/www.fs-umi.ac.ma\/index.php\/formation-initiale\/","title":{"rendered":"Formation initiale"},"content":{"rendered":"\t\t<div data-elementor-type=\"wp-page\" data-elementor-id=\"59\" class=\"elementor elementor-59\">\n\t\t\t\t\t\t<header class=\"elementor-section elementor-top-section elementor-element elementor-element-502e5fc elementor-section-full_width elementor-section-height-min-height elementor-section-items-bottom elementor-section-height-default elementor-invisible\" data-id=\"502e5fc\" data-element_type=\"section\" data-e-type=\"section\" data-settings=\"{&quot;background_background&quot;:&quot;classic&quot;,&quot;animation&quot;:&quot;fadeIn&quot;,&quot;animation_delay&quot;:50}\">\n\t\t\t\t\t\t\t<div class=\"elementor-background-overlay\"><\/div>\n\t\t\t\t\t\t\t<div class=\"elementor-container elementor-column-gap-no\">\n\t\t\t\t\t<div class=\"elementor-column elementor-col-100 elementor-top-column elementor-element elementor-element-d2d96ba\" data-id=\"d2d96ba\" data-element_type=\"column\" data-e-type=\"column\">\n\t\t\t<div class=\"elementor-widget-wrap elementor-element-populated\">\n\t\t\t\t\t\t<section class=\"elementor-section elementor-inner-section elementor-element elementor-element-ee3fe6d elementor-section-content-bottom elementor-section-boxed elementor-section-height-default elementor-section-height-default\" data-id=\"ee3fe6d\" data-element_type=\"section\" data-e-type=\"section\">\n\t\t\t\t\t\t<div class=\"elementor-container elementor-column-gap-default\">\n\t\t\t\t\t<div class=\"elementor-column elementor-col-100 elementor-inner-column elementor-element elementor-element-ea847ba\" data-id=\"ea847ba\" data-element_type=\"column\" data-e-type=\"column\">\n\t\t\t<div class=\"elementor-widget-wrap elementor-element-populated\">\n\t\t\t\t\t\t<div class=\"elementor-element elementor-element-49ab2a6 animated-slow elementor-widget elementor-widget-heading\" data-id=\"49ab2a6\" data-element_type=\"widget\" data-e-type=\"widget\" data-settings=\"{&quot;_animation&quot;:&quot;none&quot;}\" data-widget_type=\"heading.default\">\n\t\t\t\t<div class=\"elementor-widget-container\">\n\t\t\t\t\t<h6 class=\"elementor-heading-title elementor-size-default\">Formation initiale<\/h6>\t\t\t\t<\/div>\n\t\t\t\t<\/div>\n\t\t\t\t\t<\/div>\n\t\t<\/div>\n\t\t\t\t\t<\/div>\n\t\t<\/section>\n\t\t\t\t\t<\/div>\n\t\t<\/div>\n\t\t\t\t\t<\/div>\n\t\t<\/header>\n\t\t\t\t<section class=\"elementor-section elementor-top-section elementor-element elementor-element-1abf731 elementor-section-content-middle elementor-reverse-mobile elementor-section-boxed elementor-section-height-default elementor-section-height-default\" data-id=\"1abf731\" data-element_type=\"section\" data-e-type=\"section\" data-settings=\"{&quot;background_background&quot;:&quot;classic&quot;}\">\n\t\t\t\t\t\t\t<div class=\"elementor-background-overlay\"><\/div>\n\t\t\t\t\t\t\t<div class=\"elementor-container elementor-column-gap-default\">\n\t\t\t\t\t<div class=\"elementor-column elementor-col-100 elementor-top-column elementor-element elementor-element-b5a814e\" data-id=\"b5a814e\" data-element_type=\"column\" data-e-type=\"column\">\n\t\t\t<div class=\"elementor-widget-wrap elementor-element-populated\">\n\t\t\t\t\t\t<section class=\"elementor-section elementor-inner-section elementor-element elementor-element-8925324 elementor-section-boxed elementor-section-height-default elementor-section-height-default\" data-id=\"8925324\" data-element_type=\"section\" data-e-type=\"section\">\n\t\t\t\t\t\t<div class=\"elementor-container elementor-column-gap-wider\">\n\t\t\t\t\t<div class=\"elementor-column elementor-col-50 elementor-inner-column elementor-element elementor-element-f8bdcf8 elementor-invisible\" data-id=\"f8bdcf8\" data-element_type=\"column\" data-e-type=\"column\" data-settings=\"{&quot;background_background&quot;:&quot;classic&quot;,&quot;animation&quot;:&quot;fadeIn&quot;}\">\n\t\t\t<div class=\"elementor-widget-wrap elementor-element-populated\">\n\t\t\t\t\t\t<div class=\"elementor-element elementor-element-736b840 animated-slow elementor-widget elementor-widget-heading\" data-id=\"736b840\" data-element_type=\"widget\" data-e-type=\"widget\" data-settings=\"{&quot;_animation&quot;:&quot;none&quot;}\" data-widget_type=\"heading.default\">\n\t\t\t\t<div class=\"elementor-widget-container\">\n\t\t\t\t\t<h6 class=\"elementor-heading-title elementor-size-default\"><a href=\"https:\/\/www.fs-umi.ac.ma\/index.php\/licence\/\">Licence<\/a><\/h6>\t\t\t\t<\/div>\n\t\t\t\t<\/div>\n\t\t\t\t\t<\/div>\n\t\t<\/div>\n\t\t\t\t<div class=\"elementor-column elementor-col-50 elementor-inner-column elementor-element elementor-element-853d561 elementor-invisible\" data-id=\"853d561\" data-element_type=\"column\" data-e-type=\"column\" data-settings=\"{&quot;background_background&quot;:&quot;classic&quot;,&quot;animation&quot;:&quot;fadeIn&quot;}\">\n\t\t\t<div class=\"elementor-widget-wrap elementor-element-populated\">\n\t\t\t\t\t\t<div class=\"elementor-element elementor-element-f1f29e0 animated-slow elementor-widget elementor-widget-heading\" data-id=\"f1f29e0\" data-element_type=\"widget\" data-e-type=\"widget\" data-settings=\"{&quot;_animation&quot;:&quot;none&quot;}\" data-widget_type=\"heading.default\">\n\t\t\t\t<div class=\"elementor-widget-container\">\n\t\t\t\t\t<h6 class=\"elementor-heading-title elementor-size-default\"><a href=\"https:\/\/www.fs-umi.ac.ma\/index.php\/licence-parcours-dexcellence\/\">Licence (parcours d\u2019excellence)<\/a><\/h6>\t\t\t\t<\/div>\n\t\t\t\t<\/div>\n\t\t\t\t\t<\/div>\n\t\t<\/div>\n\t\t\t\t\t<\/div>\n\t\t<\/section>\n\t\t\t\t<section class=\"elementor-section elementor-inner-section elementor-element elementor-element-2eaa9cb elementor-section-boxed elementor-section-height-default elementor-section-height-default\" data-id=\"2eaa9cb\" data-element_type=\"section\" data-e-type=\"section\">\n\t\t\t\t\t\t<div class=\"elementor-container elementor-column-gap-wider\">\n\t\t\t\t\t<div class=\"elementor-column elementor-col-50 elementor-inner-column elementor-element elementor-element-e991e06 elementor-invisible\" data-id=\"e991e06\" data-element_type=\"column\" data-e-type=\"column\" data-settings=\"{&quot;background_background&quot;:&quot;classic&quot;,&quot;animation&quot;:&quot;fadeIn&quot;}\">\n\t\t\t<div class=\"elementor-widget-wrap elementor-element-populated\">\n\t\t\t\t\t\t<div class=\"elementor-element elementor-element-6ed51f5 animated-slow elementor-widget elementor-widget-heading\" data-id=\"6ed51f5\" data-element_type=\"widget\" data-e-type=\"widget\" data-settings=\"{&quot;_animation&quot;:&quot;none&quot;}\" data-widget_type=\"heading.default\">\n\t\t\t\t<div class=\"elementor-widget-container\">\n\t\t\t\t\t<h6 class=\"elementor-heading-title elementor-size-default\"><a href=\"https:\/\/www.fs-umi.ac.ma\/index.php\/master\/\">Master<\/a><\/h6>\t\t\t\t<\/div>\n\t\t\t\t<\/div>\n\t\t\t\t\t<\/div>\n\t\t<\/div>\n\t\t\t\t<div class=\"elementor-column elementor-col-50 elementor-inner-column elementor-element elementor-element-6b5973d elementor-invisible\" data-id=\"6b5973d\" data-element_type=\"column\" data-e-type=\"column\" data-settings=\"{&quot;background_background&quot;:&quot;classic&quot;,&quot;animation&quot;:&quot;fadeIn&quot;}\">\n\t\t\t<div class=\"elementor-widget-wrap elementor-element-populated\">\n\t\t\t\t\t\t<div class=\"elementor-element elementor-element-4a295a9 animated-slow elementor-widget elementor-widget-heading\" data-id=\"4a295a9\" data-element_type=\"widget\" data-e-type=\"widget\" data-settings=\"{&quot;_animation&quot;:&quot;none&quot;}\" data-widget_type=\"heading.default\">\n\t\t\t\t<div class=\"elementor-widget-container\">\n\t\t\t\t\t<h6 class=\"elementor-heading-title elementor-size-default\"><a href=\"https:\/\/www.fs-umi.ac.ma\/index.php\/master-parcours-dexcellence\/\">Master (parcours d\u2019excellence)<\/a><\/h6>\t\t\t\t<\/div>\n\t\t\t\t<\/div>\n\t\t\t\t\t<\/div>\n\t\t<\/div>\n\t\t\t\t\t<\/div>\n\t\t<\/section>\n\t\t\t\t\t<\/div>\n\t\t<\/div>\n\t\t\t\t\t<\/div>\n\t\t<\/section>\n\t\t\t\t<\/div>\n\t\t","protected":false},"excerpt":{"rendered":"<p>Formation initiale Licence Licence (parcours d\u2019excellence) Master Master (parcours d\u2019excellence)<\/p>\n","protected":false},"author":1,"featured_media":0,"parent":0,"menu_order":0,"comment_status":"closed","ping_status":"closed","template":"","meta":{"neve_meta_sidebar":"","neve_meta_container":"","neve_meta_enable_content_width":"","neve_meta_content_width":0,"neve_meta_title_alignment":"","neve_meta_author_avatar":"","neve_post_elements_order":"","neve_meta_disable_header":"","neve_meta_disable_footer":"","neve_meta_disable_title":"","footnotes":""},"class_list":["post-59","page","type-page","status-publish","hentry"],"yoast_head":"<!-- This site is optimized with the Yoast SEO plugin v27.3 - https:\/\/yoast.com\/product\/yoast-seo-wordpress\/ -->\n<title>Formation initiale - Facult\u00e9 des sciences de Mekn\u00e8s<\/title>\n<meta name=\"robots\" content=\"index, follow, max-snippet:-1, max-image-preview:large, max-video-preview:-1\" \/>\n<link rel=\"canonical\" href=\"https:\/\/www.fs-umi.ac.ma\/index.php\/formation-initiale\/\" \/>\n<meta property=\"og:locale\" content=\"fr_FR\" \/>\n<meta property=\"og:type\" content=\"article\" \/>\n<meta property=\"og:title\" content=\"Formation initiale - Facult\u00e9 des sciences de Mekn\u00e8s\" \/>\n<meta property=\"og:description\" content=\"Formation initiale Licence Licence (parcours d\u2019excellence) Master Master (parcours d\u2019excellence)\" \/>\n<meta property=\"og:url\" content=\"https:\/\/www.fs-umi.ac.ma\/index.php\/formation-initiale\/\" \/>\n<meta property=\"og:site_name\" content=\"Facult\u00e9 des sciences de Mekn\u00e8s\" \/>\n<meta property=\"article:modified_time\" content=\"2025-10-28T10:07:48+00:00\" \/>\n<meta name=\"twitter:card\" content=\"summary_large_image\" \/>\n<script type=\"application\/ld+json\" class=\"yoast-schema-graph\">{\"@context\":\"https:\\\/\\\/schema.org\",\"@graph\":[{\"@type\":\"WebPage\",\"@id\":\"https:\\\/\\\/www.fs-umi.ac.ma\\\/index.php\\\/formation-initiale\\\/\",\"url\":\"https:\\\/\\\/www.fs-umi.ac.ma\\\/index.php\\\/formation-initiale\\\/\",\"name\":\"Formation initiale - Facult\u00e9 des sciences de Mekn\u00e8s\",\"isPartOf\":{\"@id\":\"https:\\\/\\\/www.fs-umi.ac.ma\\\/#website\"},\"datePublished\":\"2020-06-18T12:12:12+00:00\",\"dateModified\":\"2025-10-28T10:07:48+00:00\",\"breadcrumb\":{\"@id\":\"https:\\\/\\\/www.fs-umi.ac.ma\\\/index.php\\\/formation-initiale\\\/#breadcrumb\"},\"inLanguage\":\"fr-FR\",\"potentialAction\":[{\"@type\":\"ReadAction\",\"target\":[\"https:\\\/\\\/www.fs-umi.ac.ma\\\/index.php\\\/formation-initiale\\\/\"]}]},{\"@type\":\"BreadcrumbList\",\"@id\":\"https:\\\/\\\/www.fs-umi.ac.ma\\\/index.php\\\/formation-initiale\\\/#breadcrumb\",\"itemListElement\":[{\"@type\":\"ListItem\",\"position\":1,\"name\":\"Accueil\",\"item\":\"https:\\\/\\\/www.fs-umi.ac.ma\\\/\"},{\"@type\":\"ListItem\",\"position\":2,\"name\":\"Formation initiale\"}]},{\"@type\":\"WebSite\",\"@id\":\"https:\\\/\\\/www.fs-umi.ac.ma\\\/#website\",\"url\":\"https:\\\/\\\/www.fs-umi.ac.ma\\\/\",\"name\":\"Facult\u00e9 des sciences de Mekn\u00e8s\",\"description\":\"Universit\u00e9 Moulay Ismail\",\"publisher\":{\"@id\":\"https:\\\/\\\/www.fs-umi.ac.ma\\\/#organization\"},\"potentialAction\":[{\"@type\":\"SearchAction\",\"target\":{\"@type\":\"EntryPoint\",\"urlTemplate\":\"https:\\\/\\\/www.fs-umi.ac.ma\\\/?s={search_term_string}\"},\"query-input\":{\"@type\":\"PropertyValueSpecification\",\"valueRequired\":true,\"valueName\":\"search_term_string\"}}],\"inLanguage\":\"fr-FR\"},{\"@type\":\"Organization\",\"@id\":\"https:\\\/\\\/www.fs-umi.ac.ma\\\/#organization\",\"name\":\"Facult\u00e9 des sciences de Mekn\u00e8s\",\"url\":\"https:\\\/\\\/www.fs-umi.ac.ma\\\/\",\"logo\":{\"@type\":\"ImageObject\",\"inLanguage\":\"fr-FR\",\"@id\":\"https:\\\/\\\/www.fs-umi.ac.ma\\\/#\\\/schema\\\/logo\\\/image\\\/\",\"url\":\"https:\\\/\\\/www.fs-umi.ac.ma\\\/wp-content\\\/uploads\\\/2020\\\/10\\\/logo-2.png\",\"contentUrl\":\"https:\\\/\\\/www.fs-umi.ac.ma\\\/wp-content\\\/uploads\\\/2020\\\/10\\\/logo-2.png\",\"width\":824,\"height\":307,\"caption\":\"Facult\u00e9 des sciences de Mekn\u00e8s\"},\"image\":{\"@id\":\"https:\\\/\\\/www.fs-umi.ac.ma\\\/#\\\/schema\\\/logo\\\/image\\\/\"}}]}<\/script>\n<!-- \/ Yoast SEO plugin. -->","yoast_head_json":{"title":"Formation initiale - Facult\u00e9 des sciences de Mekn\u00e8s","robots":{"index":"index","follow":"follow","max-snippet":"max-snippet:-1","max-image-preview":"max-image-preview:large","max-video-preview":"max-video-preview:-1"},"canonical":"https:\/\/www.fs-umi.ac.ma\/index.php\/formation-initiale\/","og_locale":"fr_FR","og_type":"article","og_title":"Formation initiale - Facult\u00e9 des sciences de Mekn\u00e8s","og_description":"Formation initiale Licence Licence (parcours d\u2019excellence) Master Master (parcours d\u2019excellence)","og_url":"https:\/\/www.fs-umi.ac.ma\/index.php\/formation-initiale\/","og_site_name":"Facult\u00e9 des sciences de Mekn\u00e8s","article_modified_time":"2025-10-28T10:07:48+00:00","twitter_card":"summary_large_image","schema":{"@context":"https:\/\/schema.org","@graph":[{"@type":"WebPage","@id":"https:\/\/www.fs-umi.ac.ma\/index.php\/formation-initiale\/","url":"https:\/\/www.fs-umi.ac.ma\/index.php\/formation-initiale\/","name":"Formation initiale - Facult\u00e9 des sciences de Mekn\u00e8s","isPartOf":{"@id":"https:\/\/www.fs-umi.ac.ma\/#website"},"datePublished":"2020-06-18T12:12:12+00:00","dateModified":"2025-10-28T10:07:48+00:00","breadcrumb":{"@id":"https:\/\/www.fs-umi.ac.ma\/index.php\/formation-initiale\/#breadcrumb"},"inLanguage":"fr-FR","potentialAction":[{"@type":"ReadAction","target":["https:\/\/www.fs-umi.ac.ma\/index.php\/formation-initiale\/"]}]},{"@type":"BreadcrumbList","@id":"https:\/\/www.fs-umi.ac.ma\/index.php\/formation-initiale\/#breadcrumb","itemListElement":[{"@type":"ListItem","position":1,"name":"Accueil","item":"https:\/\/www.fs-umi.ac.ma\/"},{"@type":"ListItem","position":2,"name":"Formation initiale"}]},{"@type":"WebSite","@id":"https:\/\/www.fs-umi.ac.ma\/#website","url":"https:\/\/www.fs-umi.ac.ma\/","name":"Facult\u00e9 des sciences de Mekn\u00e8s","description":"Universit\u00e9 Moulay Ismail","publisher":{"@id":"https:\/\/www.fs-umi.ac.ma\/#organization"},"potentialAction":[{"@type":"SearchAction","target":{"@type":"EntryPoint","urlTemplate":"https:\/\/www.fs-umi.ac.ma\/?s={search_term_string}"},"query-input":{"@type":"PropertyValueSpecification","valueRequired":true,"valueName":"search_term_string"}}],"inLanguage":"fr-FR"},{"@type":"Organization","@id":"https:\/\/www.fs-umi.ac.ma\/#organization","name":"Facult\u00e9 des sciences de Mekn\u00e8s","url":"https:\/\/www.fs-umi.ac.ma\/","logo":{"@type":"ImageObject","inLanguage":"fr-FR","@id":"https:\/\/www.fs-umi.ac.ma\/#\/schema\/logo\/image\/","url":"https:\/\/www.fs-umi.ac.ma\/wp-content\/uploads\/2020\/10\/logo-2.png","contentUrl":"https:\/\/www.fs-umi.ac.ma\/wp-content\/uploads\/2020\/10\/logo-2.png","width":824,"height":307,"caption":"Facult\u00e9 des sciences de Mekn\u00e8s"},"image":{"@id":"https:\/\/www.fs-umi.ac.ma\/#\/schema\/logo\/image\/"}}]}},"rttpg_featured_image_url":null,"rttpg_author":{"display_name":"FSM","author_link":"https:\/\/www.fs-umi.ac.ma\/index.php\/author\/fsm\/"},"rttpg_comment":0,"rttpg_category":null,"rttpg_excerpt":"Formation initiale Licence Licence (parcours d\u2019excellence) Master Master (parcours d\u2019excellence)","_links":{"self":[{"href":"https:\/\/www.fs-umi.ac.ma\/index.php\/wp-json\/wp\/v2\/pages\/59","targetHints":{"allow":["GET"]}}],"collection":[{"href":"https:\/\/www.fs-umi.ac.ma\/index.php\/wp-json\/wp\/v2\/pages"}],"about":[{"href":"https:\/\/www.fs-umi.ac.ma\/index.php\/wp-json\/wp\/v2\/types\/page"}],"author":[{"embeddable":true,"href":"https:\/\/www.fs-umi.ac.ma\/index.php\/wp-json\/wp\/v2\/users\/1"}],"replies":[{"embeddable":true,"href":"https:\/\/www.fs-umi.ac.ma\/index.php\/wp-json\/wp\/v2\/comments?post=59"}],"version-history":[{"count":22,"href":"https:\/\/www.fs-umi.ac.ma\/index.php\/wp-json\/wp\/v2\/pages\/59\/revisions"}],"predecessor-version":[{"id":10763,"href":"https:\/\/www.fs-umi.ac.ma\/index.php\/wp-json\/wp\/v2\/pages\/59\/revisions\/10763"}],"wp:attachment":[{"href":"https:\/\/www.fs-umi.ac.ma\/index.php\/wp-json\/wp\/v2\/media?parent=59"}],"curies":[{"name":"wp","href":"https:\/\/api.w.org\/{rel}","templated":true}]}}