{"id":9585,"date":"2025-06-04T12:23:23","date_gmt":"2025-06-04T11:23:23","guid":{"rendered":"https:\/\/www.fs-umi.ac.ma\/?page_id=9585"},"modified":"2025-06-04T12:37:58","modified_gmt":"2025-06-04T11:37:58","slug":"licence-biologie-cellulaire-et-physiologie-humaine","status":"publish","type":"page","link":"https:\/\/www.fs-umi.ac.ma\/index.php\/licence-biologie-cellulaire-et-physiologie-humaine\/","title":{"rendered":"Licence &#8211; Biologie Cellulaire et Physiologie Humaine"},"content":{"rendered":"\t\t<div data-elementor-type=\"wp-page\" data-elementor-id=\"9585\" class=\"elementor elementor-9585\">\n\t\t\t\t\t\t<header class=\"elementor-section elementor-top-section elementor-element elementor-element-ce5a8d5 elementor-section-full_width elementor-section-height-min-height elementor-section-items-bottom elementor-section-height-default elementor-invisible\" data-id=\"ce5a8d5\" data-element_type=\"section\" data-e-type=\"section\" data-settings=\"{&quot;background_background&quot;:&quot;classic&quot;,&quot;animation&quot;:&quot;fadeIn&quot;,&quot;animation_delay&quot;:50}\">\n\t\t\t\t\t\t\t<div class=\"elementor-background-overlay\"><\/div>\n\t\t\t\t\t\t\t<div class=\"elementor-container elementor-column-gap-no\">\n\t\t\t\t\t<div class=\"elementor-column elementor-col-100 elementor-top-column elementor-element elementor-element-9829fdf\" data-id=\"9829fdf\" data-element_type=\"column\" data-e-type=\"column\">\n\t\t\t<div class=\"elementor-widget-wrap elementor-element-populated\">\n\t\t\t\t\t\t<section class=\"elementor-section elementor-inner-section elementor-element elementor-element-f1842d4 elementor-section-content-bottom elementor-section-boxed elementor-section-height-default elementor-section-height-default\" data-id=\"f1842d4\" data-element_type=\"section\" data-e-type=\"section\">\n\t\t\t\t\t\t<div class=\"elementor-container elementor-column-gap-default\">\n\t\t\t\t\t<div class=\"elementor-column elementor-col-100 elementor-inner-column elementor-element elementor-element-511bba7\" data-id=\"511bba7\" data-element_type=\"column\" data-e-type=\"column\">\n\t\t\t<div class=\"elementor-widget-wrap elementor-element-populated\">\n\t\t\t\t\t\t<div class=\"elementor-element elementor-element-7add41b animated-slow elementor-widget elementor-widget-heading\" data-id=\"7add41b\" data-element_type=\"widget\" data-e-type=\"widget\" data-settings=\"{&quot;_animation&quot;:&quot;none&quot;}\" data-widget_type=\"heading.default\">\n\t\t\t\t<div class=\"elementor-widget-container\">\n\t\t\t\t\t<h6 class=\"elementor-heading-title elementor-size-default\">Licence - Biologie Cellulaire et Physiologie Humaine<\/h6>\t\t\t\t<\/div>\n\t\t\t\t<\/div>\n\t\t\t\t\t<\/div>\n\t\t<\/div>\n\t\t\t\t\t<\/div>\n\t\t<\/section>\n\t\t\t\t\t<\/div>\n\t\t<\/div>\n\t\t\t\t\t<\/div>\n\t\t<\/header>\n\t\t\t\t<section class=\"elementor-section elementor-top-section elementor-element elementor-element-283b2a0 elementor-reverse-mobile elementor-section-boxed elementor-section-height-default elementor-section-height-default\" data-id=\"283b2a0\" data-element_type=\"section\" data-e-type=\"section\">\n\t\t\t\t\t\t<div class=\"elementor-container elementor-column-gap-default\">\n\t\t\t\t\t<div class=\"elementor-column elementor-col-66 elementor-top-column elementor-element elementor-element-5eef784\" data-id=\"5eef784\" data-element_type=\"column\" data-e-type=\"column\">\n\t\t\t<div class=\"elementor-widget-wrap elementor-element-populated\">\n\t\t\t\t\t\t<div class=\"elementor-element elementor-element-77e04f6 elementor-widget-divider--view-line elementor-invisible elementor-widget elementor-widget-divider\" data-id=\"77e04f6\" data-element_type=\"widget\" data-e-type=\"widget\" data-settings=\"{&quot;_animation&quot;:&quot;fadeInUp&quot;}\" data-widget_type=\"divider.default\">\n\t\t\t\t<div class=\"elementor-widget-container\">\n\t\t\t\t\t\t\t<div class=\"elementor-divider\">\n\t\t\t<span class=\"elementor-divider-separator\">\n\t\t\t\t\t\t<\/span>\n\t\t<\/div>\n\t\t\t\t\t\t<\/div>\n\t\t\t\t<\/div>\n\t\t\t\t\t<\/div>\n\t\t<\/div>\n\t\t\t\t<div class=\"elementor-column elementor-col-33 elementor-top-column elementor-element elementor-element-5bec8a5 elementor-invisible\" data-id=\"5bec8a5\" data-element_type=\"column\" data-e-type=\"column\" data-settings=\"{&quot;background_background&quot;:&quot;classic&quot;,&quot;animation&quot;:&quot;fadeIn&quot;}\">\n\t\t\t<div class=\"elementor-widget-wrap elementor-element-populated\">\n\t\t\t\t\t\t<div class=\"elementor-element elementor-element-5bdbd80 animated-slow elementor-widget elementor-widget-heading\" data-id=\"5bdbd80\" data-element_type=\"widget\" data-e-type=\"widget\" data-settings=\"{&quot;_animation&quot;:&quot;none&quot;}\" data-widget_type=\"heading.default\">\n\t\t\t\t<div class=\"elementor-widget-container\">\n\t\t\t\t\t<h6 class=\"elementor-heading-title elementor-size-default\">Responsable:<\/h6>\t\t\t\t<\/div>\n\t\t\t\t<\/div>\n\t\t\t\t<div class=\"elementor-element elementor-element-6fc7746 elementor-widget elementor-widget-heading\" data-id=\"6fc7746\" data-element_type=\"widget\" data-e-type=\"widget\" data-widget_type=\"heading.default\">\n\t\t\t\t<div class=\"elementor-widget-container\">\n\t\t\t\t\t<h5 class=\"elementor-heading-title elementor-size-default\">Pr. HAJJAJ Hassan<\/h5>\t\t\t\t<\/div>\n\t\t\t\t<\/div>\n\t\t\t\t<div class=\"elementor-element elementor-element-4fe14b0 elementor-icon-list--layout-traditional elementor-list-item-link-full_width elementor-widget elementor-widget-icon-list\" data-id=\"4fe14b0\" data-element_type=\"widget\" data-e-type=\"widget\" data-widget_type=\"icon-list.default\">\n\t\t\t\t<div class=\"elementor-widget-container\">\n\t\t\t\t\t\t\t<ul class=\"elementor-icon-list-items\">\n\t\t\t\t\t\t\t<li class=\"elementor-icon-list-item\">\n\t\t\t\t\t\t\t\t\t\t\t<a href=\"mailto:h.hajjaj@umi.ac.ma\">\n\n\t\t\t\t\t\t\t\t\t\t\t\t<span class=\"elementor-icon-list-icon\">\n\t\t\t\t\t\t\t<i aria-hidden=\"true\" class=\"fas fa-envelope\"><\/i>\t\t\t\t\t\t<\/span>\n\t\t\t\t\t\t\t\t\t\t<span class=\"elementor-icon-list-text\">h.hajjaj@umi.ac.ma<\/span>\n\t\t\t\t\t\t\t\t\t\t\t<\/a>\n\t\t\t\t\t\t\t\t\t<\/li>\n\t\t\t\t\t\t<\/ul>\n\t\t\t\t\t\t<\/div>\n\t\t\t\t<\/div>\n\t\t\t\t<div class=\"elementor-element elementor-element-ae5d411 animated-slow elementor-widget elementor-widget-heading\" data-id=\"ae5d411\" data-element_type=\"widget\" data-e-type=\"widget\" data-settings=\"{&quot;_animation&quot;:&quot;none&quot;}\" data-widget_type=\"heading.default\">\n\t\t\t\t<div class=\"elementor-widget-container\">\n\t\t\t\t\t<h6 class=\"elementor-heading-title elementor-size-default\">D\u00e9partement:<\/h6>\t\t\t\t<\/div>\n\t\t\t\t<\/div>\n\t\t\t\t<div class=\"elementor-element elementor-element-dce5967 elementor-widget elementor-widget-heading\" data-id=\"dce5967\" data-element_type=\"widget\" data-e-type=\"widget\" data-widget_type=\"heading.default\">\n\t\t\t\t<div class=\"elementor-widget-container\">\n\t\t\t\t\t<h5 class=\"elementor-heading-title elementor-size-default\"><a href=\"https:\/\/www.fs-umi.ac.ma\/index.php\/departement-de-biologie\/\">D\u00e9partement de Biologie<\/a><\/h5>\t\t\t\t<\/div>\n\t\t\t\t<\/div>\n\t\t\t\t\t<\/div>\n\t\t<\/div>\n\t\t\t\t\t<\/div>\n\t\t<\/section>\n\t\t\t\t<section class=\"elementor-section elementor-top-section elementor-element elementor-element-1490f51 elementor-section-boxed elementor-section-height-default elementor-section-height-default\" data-id=\"1490f51\" data-element_type=\"section\" data-e-type=\"section\">\n\t\t\t\t\t\t<div class=\"elementor-container elementor-column-gap-default\">\n\t\t\t\t\t<div class=\"elementor-column elementor-col-100 elementor-top-column elementor-element elementor-element-74e326d\" data-id=\"74e326d\" data-element_type=\"column\" data-e-type=\"column\">\n\t\t\t<div class=\"elementor-widget-wrap elementor-element-populated\">\n\t\t\t\t\t\t<div class=\"elementor-element elementor-element-d564d76 animated-slow elementor-invisible elementor-widget elementor-widget-heading\" data-id=\"d564d76\" data-element_type=\"widget\" data-e-type=\"widget\" data-settings=\"{&quot;_animation&quot;:&quot;fadeIn&quot;}\" data-widget_type=\"heading.default\">\n\t\t\t\t<div class=\"elementor-widget-container\">\n\t\t\t\t\t<h6 class=\"elementor-heading-title elementor-size-default\">Contenu de la formation<\/h6>\t\t\t\t<\/div>\n\t\t\t\t<\/div>\n\t\t\t\t<div class=\"elementor-element elementor-element-76d90ba elementor-widget-divider--view-line elementor-invisible elementor-widget elementor-widget-divider\" data-id=\"76d90ba\" data-element_type=\"widget\" data-e-type=\"widget\" data-settings=\"{&quot;_animation&quot;:&quot;fadeInUp&quot;}\" data-widget_type=\"divider.default\">\n\t\t\t\t<div class=\"elementor-widget-container\">\n\t\t\t\t\t\t\t<div class=\"elementor-divider\">\n\t\t\t<span class=\"elementor-divider-separator\">\n\t\t\t\t\t\t<\/span>\n\t\t<\/div>\n\t\t\t\t\t\t<\/div>\n\t\t\t\t<\/div>\n\t\t\t\t\t<\/div>\n\t\t<\/div>\n\t\t\t\t\t<\/div>\n\t\t<\/section>\n\t\t\t\t<section class=\"elementor-section elementor-top-section elementor-element elementor-element-c379a9c elementor-section-boxed elementor-section-height-default elementor-section-height-default\" data-id=\"c379a9c\" data-element_type=\"section\" data-e-type=\"section\">\n\t\t\t\t\t\t<div class=\"elementor-container elementor-column-gap-default\">\n\t\t\t\t\t<div class=\"elementor-column elementor-col-100 elementor-top-column elementor-element elementor-element-a72b066\" data-id=\"a72b066\" data-element_type=\"column\" data-e-type=\"column\">\n\t\t\t<div class=\"elementor-widget-wrap elementor-element-populated\">\n\t\t\t\t\t\t<div class=\"elementor-element elementor-element-2585428 elementor-invisible elementor-widget elementor-widget-text-editor\" data-id=\"2585428\" data-element_type=\"widget\" data-e-type=\"widget\" data-settings=\"{&quot;_animation&quot;:&quot;fadeIn&quot;}\" data-widget_type=\"text-editor.default\">\n\t\t\t\t<div class=\"elementor-widget-container\">\n\t\t\t\t\t\t\t\t\t<h3><b>Semestre 1 <\/b><\/h3>\n<table class=\"styled-table\">\n  <thead>\n    <tr>\n      <th>Intitul\u00e9 du module<\/th>\n      <th>Volume horaire<\/th>\n      <th>ECTS<\/th>\n    <\/tr>\n  <\/thead>\n  <tbody>\n    <tr><td>BIOLOGIE CELLULAIRE ET HISTOLOGIE<\/td><td>50h<\/td><td>5<\/td><\/tr>\n    <tr><td>GEOLOGIE G\u00c9N\u00c9RALE<\/td><td>50h<\/td><td>5<\/td><\/tr>\n    <tr><td>ATOMISTIQUE ET LIAISON CHIMIQUE<\/td><td>50h<\/td><td>5<\/td><\/tr>\n    <tr><td>PHYSIQUE 1: THERMODYNAMIQUE MECANIQUE<\/td><td>50h<\/td><td>5<\/td><\/tr>\n    <tr><td>MATHEMATIQUES<\/td><td>50h<\/td><td>4<\/td><\/tr>\n    <tr><td>LANGUES ETRANGERES<\/td><td>46h<\/td><td>3<\/td><\/tr>\n    <tr><td>METHODOLOGIE DE TRAVAIL UNIVERSITAIRE<\/td><td>45h<\/td><td>3<\/td><\/tr>\n  <\/tbody>\n<\/table>\n<h3><b>Semestre 2 <\/b><\/h3>\n<table class=\"styled-table\">\n  <thead>\n    <tr>\n      <th>Intitul\u00e9 du module<\/th>\n      <th>Volume horaire<\/th>\n      <th>ECTS<\/th>\n    <\/tr>\n  <\/thead>\n  <tbody>\n    <tr><td>BIOLOGIE DES ORGANISMES ANIMAUX ET VEGETAUX<\/td><td>50h<\/td><td>5<\/td><\/tr>\n    <tr><td>G\u00c9ODYNAMIQUE<\/td><td>50h<\/td><td>5<\/td><\/tr>\n    <tr><td>CHIMIE DES SOLUTIONS ET INITIATION A LA CHIMIE ORGANIQUE<\/td><td>50h<\/td><td>5<\/td><\/tr>\n    <tr><td>PHYSIQUE 2 : OPTIQUE ELECTRICITE<\/td><td>50h<\/td><td>5<\/td><\/tr>\n    <tr><td>INFORMATIQUE<\/td><td>50h<\/td><td>4<\/td><\/tr>\n    <tr><td>LANGUES ETRANGERES<\/td><td>46h<\/td><td>3<\/td><\/tr>\n    <tr><td>CULTURE DIGITALE<\/td><td>45h<\/td><td>3<\/td><\/tr>\n  <\/tbody>\n<\/table>\n\n<h3><b>Semestre 3 <\/b><\/h3>\n<table class=\"styled-table\">\n  <thead>\n    <tr>\n      <th>Intitul\u00e9 du module<\/th>\n      <th>Volume horaire<\/th>\n      <th>ECTS<\/th>\n    <\/tr>\n  <\/thead>\n  <tbody>\n    <tr><td>ECOLOGIE GENERALE<\/td><td>50h<\/td><td>5<\/td><\/tr>\n    <tr><td>TECHNIQUES D\u2019ANALYSE<\/td><td>50h<\/td><td>5<\/td><\/tr>\n    <tr><td>BIOCHIMIE STRUCTURALE<\/td><td>50h<\/td><td>5<\/td><\/tr>\n    <tr><td>MICROBIOLOGIE GENERALE<\/td><td>50h<\/td><td>5<\/td><\/tr>\n    <tr><td>BIOSTATISTIQUE<\/td><td>48h<\/td><td>4<\/td><\/tr>\n    <tr><td>LANGUES ETRANGERES<\/td><td>46h<\/td><td>3<\/td><\/tr>\n    <tr><td>CULTURE AND ART SKILLS<\/td><td>45h<\/td><td>3<\/td><\/tr>\n  <\/tbody>\n<\/table>\n\n<h3><b>Semestre 4 <\/b><\/h3>\n<table class=\"styled-table\">\n  <thead>\n    <tr>\n      <th>Intitul\u00e9 du module<\/th>\n      <th>Volume horaire<\/th>\n      <th>ECTS<\/th>\n    <\/tr>\n  <\/thead>\n  <tbody>\n    <tr><td>SYSTEMATIQUE ET NOTION DE BIODIVERSITE<\/td><td>50h<\/td><td>5<\/td><\/tr>\n    <tr><td>ENZYMOLOGIE ET BIOCHIMIE METABOLIQUE<\/td><td>50h<\/td><td>5<\/td><\/tr>\n    <tr><td>PHYSIOLOGIE VEGETALE<\/td><td>50h<\/td><td>5<\/td><\/tr>\n    <tr><td>PHYSIOLOGIE ANIMALE<\/td><td>50h<\/td><td>5<\/td><\/tr>\n    <tr><td>BIOLOGIE MOLECULAIRE ET GENETIQUE<\/td><td>50h<\/td><td>4<\/td><\/tr>\n    <tr><td>LANGUES ETRANGERES<\/td><td>46h<\/td><td>3<\/td><\/tr>\n    <tr><td>DEVELOPPEMENT PERSONNEL<\/td><td>45h<\/td><td>3<\/td><\/tr>\n  <\/tbody>\n<\/table>\n\n<h3><b>Semestre 5 <\/b><\/h3>\n<table class=\"styled-table\">\n  <thead>\n    <tr>\n      <th>Intitul\u00e9 du module<\/th>\n      <th>Volume horaire<\/th>\n      <th>ECTS<\/th>\n    <\/tr>\n  <\/thead>\n  <tbody>\n    <tr><td>BIOLOGIE MOLECULAIRE<\/td><td>48h<\/td><td>5<\/td><\/tr>\n    <tr><td>GENETIQUE II<\/td><td>48h<\/td><td>5<\/td><\/tr>\n    <tr><td>IMMUNOLOGIE<\/td><td>48h<\/td><td>5<\/td><\/tr>\n    <tr><td>PHARMACOLOGIE ET ENZYMOLOGIE APPROFONDIE<\/td><td>44h<\/td><td>5<\/td><\/tr>\n    <tr><td>PHYSIOLOGIE DES GRANDES FONCTIONS<\/td><td>50h<\/td><td>4<\/td><\/tr>\n    <tr><td>LANGUES ETRANGERES (3)<\/td><td>46h<\/td><td>3<\/td><\/tr>\n    <tr><td>SOFT SKILLS<\/td><td>45h<\/td><td>3<\/td><\/tr>\n  <\/tbody>\n<\/table>\n\n<h3><b>Semestre 6 <\/b><\/h3>\n<table class=\"styled-table\">\n  <thead>\n    <tr>\n      <th>Intitul\u00e9 du module<\/th>\n      <th>Volume horaire<\/th>\n      <th>ECTS<\/th>\n    <\/tr>\n  <\/thead>\n  <tbody>\n    <tr><td>SIGNALISATION CELLULAIRE<\/td><td>50h<\/td><td>5<\/td><\/tr>\n    <tr><td>MICROBIOLOGIE II<\/td><td>45h<\/td><td>5<\/td><\/tr>\n    <tr><td>NEUROPHYSIO ENDOCRINOLOGIE<\/td><td>50h<\/td><td>5<\/td><\/tr>\n    <tr><td>DEVELOPPEMENT ET REPRODUCTION HUMAINE<\/td><td>50h<\/td><td>5<\/td><\/tr>\n    <tr><td>ENTREPRENARIAT ET ELABORATION DE DOCUMENTS DE RECHERCHE<\/td><td>50h<\/td><td>4<\/td><\/tr>\n    <tr><td>LANGUES ETRANGERES (3)<\/td><td>46h<\/td><td>3<\/td><\/tr>\n    <tr><td>CULTURE &#038; ART SKILLS<\/td><td>45h<\/td><td>3<\/td><\/tr>\n  <\/tbody>\n<\/table>\n\n\t\t\t\t\t\t\t\t<\/div>\n\t\t\t\t<\/div>\n\t\t\t\t\t<\/div>\n\t\t<\/div>\n\t\t\t\t\t<\/div>\n\t\t<\/section>\n\t\t\t\t<\/div>\n\t\t","protected":false},"excerpt":{"rendered":"<p>Licence &#8211; Biologie Cellulaire et Physiologie Humaine Responsable: Pr. HAJJAJ Hassan h.hajjaj@umi.ac.ma D\u00e9partement: D\u00e9partement de Biologie Contenu de la formation Semestre 1 Intitul\u00e9 du module Volume horaire ECTS BIOLOGIE CELLULAIRE ET HISTOLOGIE 50h 5 GEOLOGIE G\u00c9N\u00c9RALE 50h 5 ATOMISTIQUE ET LIAISON CHIMIQUE 50h 5 PHYSIQUE 1: THERMODYNAMIQUE MECANIQUE 50h 5 MATHEMATIQUES 50h 4 LANGUES ETRANGERES&hellip;&nbsp;<\/p>\n","protected":false},"author":1,"featured_media":0,"parent":0,"menu_order":0,"comment_status":"closed","ping_status":"closed","template":"page-templates\/template-pagebuilder-full-width.php","meta":{"neve_meta_sidebar":"","neve_meta_container":"","neve_meta_enable_content_width":"","neve_meta_content_width":0,"neve_meta_title_alignment":"","neve_meta_author_avatar":"","neve_post_elements_order":"","neve_meta_disable_header":"","neve_meta_disable_footer":"","neve_meta_disable_title":"","footnotes":""},"class_list":["post-9585","page","type-page","status-publish","hentry"],"yoast_head":"<!-- This site is optimized with the Yoast SEO plugin v27.3 - https:\/\/yoast.com\/product\/yoast-seo-wordpress\/ -->\n<title>Licence - Biologie Cellulaire et Physiologie Humaine - Facult\u00e9 des sciences de Mekn\u00e8s<\/title>\n<meta name=\"robots\" content=\"index, follow, max-snippet:-1, max-image-preview:large, max-video-preview:-1\" \/>\n<link rel=\"canonical\" href=\"https:\/\/www.fs-umi.ac.ma\/index.php\/licence-biologie-cellulaire-et-physiologie-humaine\/\" \/>\n<meta property=\"og:locale\" content=\"fr_FR\" \/>\n<meta property=\"og:type\" content=\"article\" \/>\n<meta property=\"og:title\" content=\"Licence - Biologie Cellulaire et Physiologie Humaine - Facult\u00e9 des sciences de Mekn\u00e8s\" \/>\n<meta property=\"og:description\" content=\"Licence &#8211; Biologie Cellulaire et Physiologie Humaine Responsable: Pr. HAJJAJ Hassan h.hajjaj@umi.ac.ma D\u00e9partement: D\u00e9partement de Biologie Contenu de la formation Semestre 1 Intitul\u00e9 du module Volume horaire ECTS BIOLOGIE CELLULAIRE ET HISTOLOGIE 50h 5 GEOLOGIE G\u00c9N\u00c9RALE 50h 5 ATOMISTIQUE ET LIAISON CHIMIQUE 50h 5 PHYSIQUE 1: THERMODYNAMIQUE MECANIQUE 50h 5 MATHEMATIQUES 50h 4 LANGUES ETRANGERES&hellip;&nbsp;\" \/>\n<meta property=\"og:url\" content=\"https:\/\/www.fs-umi.ac.ma\/index.php\/licence-biologie-cellulaire-et-physiologie-humaine\/\" \/>\n<meta property=\"og:site_name\" content=\"Facult\u00e9 des sciences de Mekn\u00e8s\" \/>\n<meta property=\"article:modified_time\" content=\"2025-06-04T11:37:58+00:00\" \/>\n<meta name=\"twitter:card\" content=\"summary_large_image\" \/>\n<meta name=\"twitter:label1\" content=\"Dur\u00e9e de lecture estim\u00e9e\" \/>\n\t<meta name=\"twitter:data1\" content=\"1 minute\" \/>\n<script type=\"application\/ld+json\" class=\"yoast-schema-graph\">{\"@context\":\"https:\\\/\\\/schema.org\",\"@graph\":[{\"@type\":\"WebPage\",\"@id\":\"https:\\\/\\\/www.fs-umi.ac.ma\\\/index.php\\\/licence-biologie-cellulaire-et-physiologie-humaine\\\/\",\"url\":\"https:\\\/\\\/www.fs-umi.ac.ma\\\/index.php\\\/licence-biologie-cellulaire-et-physiologie-humaine\\\/\",\"name\":\"Licence - Biologie Cellulaire et Physiologie Humaine - Facult\u00e9 des sciences de Mekn\u00e8s\",\"isPartOf\":{\"@id\":\"https:\\\/\\\/www.fs-umi.ac.ma\\\/#website\"},\"datePublished\":\"2025-06-04T11:23:23+00:00\",\"dateModified\":\"2025-06-04T11:37:58+00:00\",\"breadcrumb\":{\"@id\":\"https:\\\/\\\/www.fs-umi.ac.ma\\\/index.php\\\/licence-biologie-cellulaire-et-physiologie-humaine\\\/#breadcrumb\"},\"inLanguage\":\"fr-FR\",\"potentialAction\":[{\"@type\":\"ReadAction\",\"target\":[\"https:\\\/\\\/www.fs-umi.ac.ma\\\/index.php\\\/licence-biologie-cellulaire-et-physiologie-humaine\\\/\"]}]},{\"@type\":\"BreadcrumbList\",\"@id\":\"https:\\\/\\\/www.fs-umi.ac.ma\\\/index.php\\\/licence-biologie-cellulaire-et-physiologie-humaine\\\/#breadcrumb\",\"itemListElement\":[{\"@type\":\"ListItem\",\"position\":1,\"name\":\"Accueil\",\"item\":\"https:\\\/\\\/www.fs-umi.ac.ma\\\/\"},{\"@type\":\"ListItem\",\"position\":2,\"name\":\"Licence &#8211; Biologie Cellulaire et Physiologie Humaine\"}]},{\"@type\":\"WebSite\",\"@id\":\"https:\\\/\\\/www.fs-umi.ac.ma\\\/#website\",\"url\":\"https:\\\/\\\/www.fs-umi.ac.ma\\\/\",\"name\":\"Facult\u00e9 des sciences de Mekn\u00e8s\",\"description\":\"Universit\u00e9 Moulay Ismail\",\"publisher\":{\"@id\":\"https:\\\/\\\/www.fs-umi.ac.ma\\\/#organization\"},\"potentialAction\":[{\"@type\":\"SearchAction\",\"target\":{\"@type\":\"EntryPoint\",\"urlTemplate\":\"https:\\\/\\\/www.fs-umi.ac.ma\\\/?s={search_term_string}\"},\"query-input\":{\"@type\":\"PropertyValueSpecification\",\"valueRequired\":true,\"valueName\":\"search_term_string\"}}],\"inLanguage\":\"fr-FR\"},{\"@type\":\"Organization\",\"@id\":\"https:\\\/\\\/www.fs-umi.ac.ma\\\/#organization\",\"name\":\"Facult\u00e9 des sciences de Mekn\u00e8s\",\"url\":\"https:\\\/\\\/www.fs-umi.ac.ma\\\/\",\"logo\":{\"@type\":\"ImageObject\",\"inLanguage\":\"fr-FR\",\"@id\":\"https:\\\/\\\/www.fs-umi.ac.ma\\\/#\\\/schema\\\/logo\\\/image\\\/\",\"url\":\"https:\\\/\\\/www.fs-umi.ac.ma\\\/wp-content\\\/uploads\\\/2020\\\/10\\\/logo-2.png\",\"contentUrl\":\"https:\\\/\\\/www.fs-umi.ac.ma\\\/wp-content\\\/uploads\\\/2020\\\/10\\\/logo-2.png\",\"width\":824,\"height\":307,\"caption\":\"Facult\u00e9 des sciences de Mekn\u00e8s\"},\"image\":{\"@id\":\"https:\\\/\\\/www.fs-umi.ac.ma\\\/#\\\/schema\\\/logo\\\/image\\\/\"}}]}<\/script>\n<!-- \/ Yoast SEO plugin. -->","yoast_head_json":{"title":"Licence - Biologie Cellulaire et Physiologie Humaine - Facult\u00e9 des sciences de Mekn\u00e8s","robots":{"index":"index","follow":"follow","max-snippet":"max-snippet:-1","max-image-preview":"max-image-preview:large","max-video-preview":"max-video-preview:-1"},"canonical":"https:\/\/www.fs-umi.ac.ma\/index.php\/licence-biologie-cellulaire-et-physiologie-humaine\/","og_locale":"fr_FR","og_type":"article","og_title":"Licence - Biologie Cellulaire et Physiologie Humaine - Facult\u00e9 des sciences de Mekn\u00e8s","og_description":"Licence &#8211; Biologie Cellulaire et Physiologie Humaine Responsable: Pr. HAJJAJ Hassan h.hajjaj@umi.ac.ma D\u00e9partement: D\u00e9partement de Biologie Contenu de la formation Semestre 1 Intitul\u00e9 du module Volume horaire ECTS BIOLOGIE CELLULAIRE ET HISTOLOGIE 50h 5 GEOLOGIE G\u00c9N\u00c9RALE 50h 5 ATOMISTIQUE ET LIAISON CHIMIQUE 50h 5 PHYSIQUE 1: THERMODYNAMIQUE MECANIQUE 50h 5 MATHEMATIQUES 50h 4 LANGUES ETRANGERES&hellip;&nbsp;","og_url":"https:\/\/www.fs-umi.ac.ma\/index.php\/licence-biologie-cellulaire-et-physiologie-humaine\/","og_site_name":"Facult\u00e9 des sciences de Mekn\u00e8s","article_modified_time":"2025-06-04T11:37:58+00:00","twitter_card":"summary_large_image","twitter_misc":{"Dur\u00e9e de lecture estim\u00e9e":"1 minute"},"schema":{"@context":"https:\/\/schema.org","@graph":[{"@type":"WebPage","@id":"https:\/\/www.fs-umi.ac.ma\/index.php\/licence-biologie-cellulaire-et-physiologie-humaine\/","url":"https:\/\/www.fs-umi.ac.ma\/index.php\/licence-biologie-cellulaire-et-physiologie-humaine\/","name":"Licence - Biologie Cellulaire et Physiologie Humaine - Facult\u00e9 des sciences de Mekn\u00e8s","isPartOf":{"@id":"https:\/\/www.fs-umi.ac.ma\/#website"},"datePublished":"2025-06-04T11:23:23+00:00","dateModified":"2025-06-04T11:37:58+00:00","breadcrumb":{"@id":"https:\/\/www.fs-umi.ac.ma\/index.php\/licence-biologie-cellulaire-et-physiologie-humaine\/#breadcrumb"},"inLanguage":"fr-FR","potentialAction":[{"@type":"ReadAction","target":["https:\/\/www.fs-umi.ac.ma\/index.php\/licence-biologie-cellulaire-et-physiologie-humaine\/"]}]},{"@type":"BreadcrumbList","@id":"https:\/\/www.fs-umi.ac.ma\/index.php\/licence-biologie-cellulaire-et-physiologie-humaine\/#breadcrumb","itemListElement":[{"@type":"ListItem","position":1,"name":"Accueil","item":"https:\/\/www.fs-umi.ac.ma\/"},{"@type":"ListItem","position":2,"name":"Licence &#8211; Biologie Cellulaire et Physiologie Humaine"}]},{"@type":"WebSite","@id":"https:\/\/www.fs-umi.ac.ma\/#website","url":"https:\/\/www.fs-umi.ac.ma\/","name":"Facult\u00e9 des sciences de Mekn\u00e8s","description":"Universit\u00e9 Moulay Ismail","publisher":{"@id":"https:\/\/www.fs-umi.ac.ma\/#organization"},"potentialAction":[{"@type":"SearchAction","target":{"@type":"EntryPoint","urlTemplate":"https:\/\/www.fs-umi.ac.ma\/?s={search_term_string}"},"query-input":{"@type":"PropertyValueSpecification","valueRequired":true,"valueName":"search_term_string"}}],"inLanguage":"fr-FR"},{"@type":"Organization","@id":"https:\/\/www.fs-umi.ac.ma\/#organization","name":"Facult\u00e9 des sciences de Mekn\u00e8s","url":"https:\/\/www.fs-umi.ac.ma\/","logo":{"@type":"ImageObject","inLanguage":"fr-FR","@id":"https:\/\/www.fs-umi.ac.ma\/#\/schema\/logo\/image\/","url":"https:\/\/www.fs-umi.ac.ma\/wp-content\/uploads\/2020\/10\/logo-2.png","contentUrl":"https:\/\/www.fs-umi.ac.ma\/wp-content\/uploads\/2020\/10\/logo-2.png","width":824,"height":307,"caption":"Facult\u00e9 des sciences de Mekn\u00e8s"},"image":{"@id":"https:\/\/www.fs-umi.ac.ma\/#\/schema\/logo\/image\/"}}]}},"rttpg_featured_image_url":null,"rttpg_author":{"display_name":"FSM","author_link":"https:\/\/www.fs-umi.ac.ma\/index.php\/author\/fsm\/"},"rttpg_comment":0,"rttpg_category":null,"rttpg_excerpt":"Licence &#8211; Biologie Cellulaire et Physiologie Humaine Responsable: Pr. HAJJAJ Hassan h.hajjaj@umi.ac.ma D\u00e9partement: D\u00e9partement de Biologie Contenu de la formation Semestre 1 Intitul\u00e9 du module Volume horaire ECTS BIOLOGIE CELLULAIRE ET HISTOLOGIE 50h 5 GEOLOGIE G\u00c9N\u00c9RALE 50h 5 ATOMISTIQUE ET LIAISON CHIMIQUE 50h 5 PHYSIQUE 1: THERMODYNAMIQUE MECANIQUE 50h 5 MATHEMATIQUES 50h 4 LANGUES ETRANGERES&hellip;&nbsp;","_links":{"self":[{"href":"https:\/\/www.fs-umi.ac.ma\/index.php\/wp-json\/wp\/v2\/pages\/9585","targetHints":{"allow":["GET"]}}],"collection":[{"href":"https:\/\/www.fs-umi.ac.ma\/index.php\/wp-json\/wp\/v2\/pages"}],"about":[{"href":"https:\/\/www.fs-umi.ac.ma\/index.php\/wp-json\/wp\/v2\/types\/page"}],"author":[{"embeddable":true,"href":"https:\/\/www.fs-umi.ac.ma\/index.php\/wp-json\/wp\/v2\/users\/1"}],"replies":[{"embeddable":true,"href":"https:\/\/www.fs-umi.ac.ma\/index.php\/wp-json\/wp\/v2\/comments?post=9585"}],"version-history":[{"count":7,"href":"https:\/\/www.fs-umi.ac.ma\/index.php\/wp-json\/wp\/v2\/pages\/9585\/revisions"}],"predecessor-version":[{"id":9593,"href":"https:\/\/www.fs-umi.ac.ma\/index.php\/wp-json\/wp\/v2\/pages\/9585\/revisions\/9593"}],"wp:attachment":[{"href":"https:\/\/www.fs-umi.ac.ma\/index.php\/wp-json\/wp\/v2\/media?parent=9585"}],"curies":[{"name":"wp","href":"https:\/\/api.w.org\/{rel}","templated":true}]}}